{"id":932,"date":"2023-04-28T10:12:42","date_gmt":"2023-04-28T08:12:42","guid":{"rendered":"https:\/\/grafix-dezign.de\/greiner\/?page_id=932"},"modified":"2023-04-30T09:32:00","modified_gmt":"2023-04-30T07:32:00","slug":"baugrundstueck-mit-bestandsgebaeude-in-top-lage-in-bad-vilbel","status":"publish","type":"page","link":"https:\/\/www.sgreiner-immobilien.de\/content\/baugrundstueck-mit-bestandsgebaeude-in-top-lage-in-bad-vilbel\/","title":{"rendered":"Baugrundst\u00fcck mit Bestandsgeb\u00e4ude in Top-Lage in Bad Vilbel"},"content":{"rendered":"\n<div id=\"section-gde4afe\" class=\"wp-block-gutentor-e6 section-gde4afe gutentor-element gutentor-element-image\"><div class=\"gutentor-element-image-box\"><div class=\"gutentor-bg-image\"><\/div><\/div><\/div>\n\n\n\n<section id=\"gm9e2d4e0\" class=\"wp-block-gutentor-m4 section-gm9e2d4e0 gutentor-module gutentor-advanced-columns has-image-bg has-custom-bg\"><div class=\"grid-container\"><div class=\"grid-row\">\n<div id=\"col-gm4c9a5f\" class=\"wp-block-gutentor-m4-col col-gm4c9a5f gutentor-single-column  grid-lg-12 grid-md-12 grid-12\"><div id=\"section-gm4c9a5f\" class=\"section-gm4c9a5f gutentor-col-wrap\">\n<div id=\"section-ge9d81e\" class=\"wp-block-gutentor-e1 section-ge9d81e gutentor-element gutentor-element-advanced-text\"><div class=\"gutentor-text-wrap\"><h2 class=\"gutentor-text\">Baugrundst\u00fcck mit Bestandsgeb\u00e4ude in Top-Lage!<\/h2><\/div><\/div>\n<\/div><\/div>\n<\/div><\/div><\/section>\n\n\n\n<section id=\"section-527bc116-6000-4689-b0e2-6b49c677f819\" class=\"wp-block-gutentor-gallery gutentor-section gutentor-gallery gutentor-gallery-wrapper enable-masonry gallery-template2\"><div class=\"grid-container\"><div class=\"grid-row gutentor-grid-item-wrap full-width-row\"><div class=\"gutentor-gallery-item grid-lg-2m3 grid-md-4 grid-12\"><div class=\"gutentor-single-item gutentor-image gutentor-single-item-0\"><div class=\"gutentor-gallery-item-wrap\"><div class=\"gutentor-single-item-image-box\"><div class=\"gutentor-image-thumb\"><img loading=\"lazy\" decoding=\"async\" class=\"normal-image\" src=\"https:\/\/www.sgreiner-immobilien.de\/content\/wp-content\/uploads\/2023\/04\/1-5.jpg\" alt=\"\" height=\"830\" width=\"622\"\/><\/div><\/div><div class=\"gutentor-single-item-content\"><div class=\"gutentor-gallery-item-header\"><a href=\"https:\/\/www.sgreiner-immobilien.de\/content\/wp-content\/uploads\/2023\/04\/1-5.jpg\" class=\"image-gallery\"><i class=\"gallery-icon fas fa-search\"><\/i><\/a><\/div><div class=\"gutentor-gallery-item-desc\"><\/div><\/div><\/div><\/div><\/div><div class=\"gutentor-gallery-item grid-lg-2m3 grid-md-4 grid-12\"><div class=\"gutentor-single-item gutentor-image gutentor-single-item-1\"><div class=\"gutentor-gallery-item-wrap\"><div class=\"gutentor-single-item-image-box\"><div class=\"gutentor-image-thumb\"><img loading=\"lazy\" decoding=\"async\" class=\"normal-image\" src=\"https:\/\/www.sgreiner-immobilien.de\/content\/wp-content\/uploads\/2023\/04\/2-6.jpg\" alt=\"\" height=\"830\" width=\"622\"\/><\/div><\/div><div class=\"gutentor-single-item-content\"><div class=\"gutentor-gallery-item-header\"><a href=\"https:\/\/www.sgreiner-immobilien.de\/content\/wp-content\/uploads\/2023\/04\/2-6.jpg\" class=\"image-gallery\"><i class=\"gallery-icon fas fa-search\"><\/i><\/a><\/div><div class=\"gutentor-gallery-item-desc\"><\/div><\/div><\/div><\/div><\/div><div class=\"gutentor-gallery-item grid-lg-2m3 grid-md-4 grid-12\"><div class=\"gutentor-single-item gutentor-image gutentor-single-item-2\"><div class=\"gutentor-gallery-item-wrap\"><div class=\"gutentor-single-item-image-box\"><div class=\"gutentor-image-thumb\"><img loading=\"lazy\" decoding=\"async\" class=\"normal-image\" src=\"https:\/\/www.sgreiner-immobilien.de\/content\/wp-content\/uploads\/2023\/04\/3-5.jpg\" alt=\"\" height=\"830\" width=\"622\"\/><\/div><\/div><div class=\"gutentor-single-item-content\"><div class=\"gutentor-gallery-item-header\"><a href=\"https:\/\/www.sgreiner-immobilien.de\/content\/wp-content\/uploads\/2023\/04\/3-5.jpg\" class=\"image-gallery\"><i class=\"gallery-icon fas fa-search\"><\/i><\/a><\/div><div class=\"gutentor-gallery-item-desc\"><\/div><\/div><\/div><\/div><\/div><div class=\"gutentor-gallery-item grid-lg-2m3 grid-md-4 grid-12\"><div class=\"gutentor-single-item gutentor-image gutentor-single-item-3\"><div class=\"gutentor-gallery-item-wrap\"><div class=\"gutentor-single-item-image-box\"><div class=\"gutentor-image-thumb\"><img loading=\"lazy\" decoding=\"async\" class=\"normal-image\" src=\"https:\/\/www.sgreiner-immobilien.de\/content\/wp-content\/uploads\/2023\/04\/5-4.jpg\" alt=\"\" height=\"830\" width=\"622\"\/><\/div><\/div><div class=\"gutentor-single-item-content\"><div class=\"gutentor-gallery-item-header\"><a href=\"https:\/\/www.sgreiner-immobilien.de\/content\/wp-content\/uploads\/2023\/04\/5-4.jpg\" class=\"image-gallery\"><i class=\"gallery-icon fas fa-search\"><\/i><\/a><\/div><div class=\"gutentor-gallery-item-desc\"><\/div><\/div><\/div><\/div><\/div><div class=\"gutentor-gallery-item grid-lg-2m3 grid-md-4 grid-12\"><div class=\"gutentor-single-item gutentor-image gutentor-single-item-4\"><div class=\"gutentor-gallery-item-wrap\"><div class=\"gutentor-single-item-image-box\"><div class=\"gutentor-image-thumb\"><img loading=\"lazy\" decoding=\"async\" class=\"normal-image\" src=\"https:\/\/www.sgreiner-immobilien.de\/content\/wp-content\/uploads\/2023\/04\/6-3.jpg\" alt=\"\" height=\"830\" width=\"622\"\/><\/div><\/div><div class=\"gutentor-single-item-content\"><div class=\"gutentor-gallery-item-header\"><a href=\"https:\/\/www.sgreiner-immobilien.de\/content\/wp-content\/uploads\/2023\/04\/6-3.jpg\" class=\"image-gallery\"><i class=\"gallery-icon fas fa-search\"><\/i><\/a><\/div><div class=\"gutentor-gallery-item-desc\"><\/div><\/div><\/div><\/div><\/div><div class=\"gutentor-gallery-item grid-lg-2m3 grid-md-4 grid-12\"><div class=\"gutentor-single-item gutentor-image gutentor-single-item-5\"><div class=\"gutentor-gallery-item-wrap\"><div class=\"gutentor-single-item-image-box\"><div class=\"gutentor-image-thumb\"><img loading=\"lazy\" decoding=\"async\" class=\"normal-image\" src=\"https:\/\/www.sgreiner-immobilien.de\/content\/wp-content\/uploads\/2023\/04\/7-1.jpg\" alt=\"\" height=\"830\" width=\"622\"\/><\/div><\/div><div class=\"gutentor-single-item-content\"><div class=\"gutentor-gallery-item-header\"><a href=\"https:\/\/www.sgreiner-immobilien.de\/content\/wp-content\/uploads\/2023\/04\/7-1.jpg\" class=\"image-gallery\"><i class=\"gallery-icon fas fa-search\"><\/i><\/a><\/div><div class=\"gutentor-gallery-item-desc\"><\/div><\/div><\/div><\/div><\/div><div class=\"gutentor-gallery-item grid-lg-2m3 grid-md-4 grid-12\"><div class=\"gutentor-single-item gutentor-image gutentor-single-item-6\"><div class=\"gutentor-gallery-item-wrap\"><div class=\"gutentor-single-item-image-box\"><div class=\"gutentor-image-thumb\"><img loading=\"lazy\" decoding=\"async\" class=\"normal-image\" src=\"https:\/\/www.sgreiner-immobilien.de\/content\/wp-content\/uploads\/2023\/04\/8.jpg\" alt=\"\" height=\"830\" width=\"622\"\/><\/div><\/div><div class=\"gutentor-single-item-content\"><div class=\"gutentor-gallery-item-header\"><a href=\"https:\/\/www.sgreiner-immobilien.de\/content\/wp-content\/uploads\/2023\/04\/8.jpg\" class=\"image-gallery\"><i class=\"gallery-icon fas fa-search\"><\/i><\/a><\/div><div class=\"gutentor-gallery-item-desc\"><\/div><\/div><\/div><\/div><\/div><div class=\"gutentor-gallery-item grid-lg-2m3 grid-md-4 grid-12\"><div class=\"gutentor-single-item gutentor-image gutentor-single-item-7\"><div class=\"gutentor-gallery-item-wrap\"><div class=\"gutentor-single-item-image-box\"><div class=\"gutentor-image-thumb\"><img loading=\"lazy\" decoding=\"async\" class=\"normal-image\" src=\"https:\/\/www.sgreiner-immobilien.de\/content\/wp-content\/uploads\/2023\/04\/9.jpg\" alt=\"\" height=\"830\" width=\"622\"\/><\/div><\/div><div class=\"gutentor-single-item-content\"><div class=\"gutentor-gallery-item-header\"><a href=\"https:\/\/www.sgreiner-immobilien.de\/content\/wp-content\/uploads\/2023\/04\/9.jpg\" class=\"image-gallery\"><i class=\"gallery-icon fas fa-search\"><\/i><\/a><\/div><div class=\"gutentor-gallery-item-desc\"><\/div><\/div><\/div><\/div><\/div><div class=\"gutentor-gallery-item grid-lg-2m3 grid-md-4 grid-12\"><div class=\"gutentor-single-item gutentor-image gutentor-single-item-8\"><div class=\"gutentor-gallery-item-wrap\"><div class=\"gutentor-single-item-image-box\"><div class=\"gutentor-image-thumb\"><img loading=\"lazy\" decoding=\"async\" class=\"normal-image\" src=\"https:\/\/www.sgreiner-immobilien.de\/content\/wp-content\/uploads\/2023\/04\/10.jpg\" alt=\"\" height=\"830\" width=\"622\"\/><\/div><\/div><div class=\"gutentor-single-item-content\"><div class=\"gutentor-gallery-item-header\"><a href=\"https:\/\/www.sgreiner-immobilien.de\/content\/wp-content\/uploads\/2023\/04\/10.jpg\" class=\"image-gallery\"><i class=\"gallery-icon fas fa-search\"><\/i><\/a><\/div><div class=\"gutentor-gallery-item-desc\"><\/div><\/div><\/div><\/div><\/div><div class=\"gutentor-gallery-item grid-lg-2m3 grid-md-4 grid-12\"><div class=\"gutentor-single-item gutentor-image gutentor-single-item-9\"><div class=\"gutentor-gallery-item-wrap\"><div class=\"gutentor-single-item-image-box\"><div class=\"gutentor-image-thumb\"><img loading=\"lazy\" decoding=\"async\" class=\"normal-image\" src=\"https:\/\/www.sgreiner-immobilien.de\/content\/wp-content\/uploads\/2023\/04\/4-4.jpg\" alt=\"\" height=\"830\" width=\"622\"\/><\/div><\/div><div class=\"gutentor-single-item-content\"><div class=\"gutentor-gallery-item-header\"><a href=\"https:\/\/www.sgreiner-immobilien.de\/content\/wp-content\/uploads\/2023\/04\/4-4.jpg\" class=\"image-gallery\"><i class=\"gallery-icon fas fa-search\"><\/i><\/a><\/div><div class=\"gutentor-gallery-item-desc\"><\/div><\/div><\/div><\/div><\/div><\/div><\/div><\/section>\n\n\n\n<section id=\"gm018417f\" class=\"wp-block-gutentor-m4 section-gm018417f gutentor-module gutentor-advanced-columns\"><div class=\"grid-container\"><div class=\"grid-row\">\n<div id=\"col-gm349173\" class=\"wp-block-gutentor-m4-col col-gm349173 gutentor-single-column  grid-lg-12 grid-md-12 grid-12\"><div id=\"section-gm349173\" class=\"section-gm349173 gutentor-col-wrap\">\n<div id=\"section-g798d37\" class=\"wp-block-gutentor-e1 section-g798d37 gutentor-element gutentor-element-advanced-text\"><div class=\"gutentor-text-wrap\"><p class=\"gutentor-text\">In absoluter Toplage &#8222;Auf dem Niederberg&#8220; befindet sich das 854 m\u00b2 gro\u00dfe Traumgrundst\u00fcck. Hier k\u00f6nnen Sie sich ihren Wohntraum verwirklichen! Unter Ber\u00fccksichtigung des rechtskr\u00e4ftigen Bebauungsplanes (1-geschossige Villenbebauung, GRZ 0,3, GFZ 0,3) kann ihr Traumhaus mit einer Grundfl\u00e4che von ca. 250 m\u00b2 entstehen! <br><br>Architektenpl\u00e4ne f\u00fcr Ihr neues Haus k\u00f6nnten \u00fcbernommen werden. Die Bebauung sollte vor Beurkundung mit dem Bauamt abgesprochen werden. Das nach S\u00fcd-Osten ausgerichtete Grundst\u00fcck befindet sich in unmittelbarer Feldrandlage. Es ist rechteckig geschnitten und liegt in leichter Hanglage. Aktuell befindet sich auf dem Grundst\u00fcck noch ein Bestandsgeb\u00e4ude, welches auch modernisiert und genutzt werden k\u00f6nnte. In dem Bungalow befindet sich ein Schwimmbad. Das Gartengrundst\u00fcck wurde abgeb\u00f6scht, soda\u00df sich die Wohnfl\u00e4che des Bungalows \u00fcber 2 Etagen erstreckt.<br><br><br><strong>Kaufpreis: 1.350.000 \u20ac<br>Fl\u00e4che: 854 m\u00b2<\/strong><\/p><\/div><\/div>\n<\/div><\/div>\n<\/div><\/div><\/section>\n\n\n\n<section id=\"gm22b08de\" class=\"wp-block-gutentor-m4 section-gm22b08de gutentor-module gutentor-advanced-columns has-color-bg has-custom-bg\"><div class=\"grid-container\"><div class=\"grid-row\">\n<div id=\"col-gmf9ca4f\" class=\"wp-block-gutentor-m4-col col-gmf9ca4f gutentor-single-column  grid-lg-12 grid-md-12 grid-12\"><div id=\"section-gmf9ca4f\" class=\"section-gmf9ca4f gutentor-col-wrap\">\n<div id=\"section-g6414a0\" class=\"wp-block-gutentor-e1 section-g6414a0 gutentor-element gutentor-element-advanced-text text-align-center-desktop\"><div class=\"gutentor-text-wrap\"><h2 class=\"gutentor-text\">Interesse an diesem Objekt?<\/h2><\/div><\/div>\n\n\n\n<div id=\"section-gaac467\" class=\"wp-block-gutentor-e1 section-gaac467 gutentor-element gutentor-element-advanced-text text-align-center-desktop\"><div class=\"gutentor-text-wrap\"><p class=\"gutentor-text\">Gerne informieren wir Sie \u00fcber Details und vereinbaren einen Besichtigungstermin:<\/p><\/div><\/div>\n\n\n\n<section id=\"gm6f553f7\" class=\"wp-block-gutentor-m4 section-gm6f553f7 gutentor-module gutentor-advanced-columns\"><div class=\"grid-container\"><div class=\"grid-row\">\n<div id=\"col-gm97b0fb\" class=\"wp-block-gutentor-m4-col col-gm97b0fb gutentor-single-column  grid-lg-6 grid-md-12 grid-12\"><div id=\"section-gm97b0fb\" class=\"section-gm97b0fb gutentor-col-wrap\">\n<div id=\"section-g6c389c\" class=\"wp-block-gutentor-e2 section-g6c389c gutentor-element gutentor-element-button button-align-center-desktop\"><span class=\"gutentor-button-wrap\"><a class=\"gutentor-button gutentor-block-button gutentor-icon-before\" href=\"tel:\/\/06102320611\"><i class=\"gutentor-button-icon fas fa-phone\"><\/i><span>06102 \/ 32 06 11<\/span><\/a><\/span><\/div>\n<\/div><\/div>\n\n\n\n<div id=\"col-gm83f8e3\" class=\"wp-block-gutentor-m4-col col-gm83f8e3 gutentor-single-column  grid-lg-6 grid-md-12 grid-12\"><div id=\"section-gm83f8e3\" class=\"section-gm83f8e3 gutentor-col-wrap\">\n<div id=\"section-g7c481b\" class=\"wp-block-gutentor-e2 section-g7c481b gutentor-element gutentor-element-button\"><span class=\"gutentor-button-wrap\"><a class=\"gutentor-button gutentor-block-button gutentor-icon-before\" href=\"mailto:info@sgreiner-immobilien.de\"><i class=\"gutentor-button-icon fas fa-envelope\"><\/i><span>info@sgreiner-immobilien.de<\/span><\/a><\/span><\/div>\n<\/div><\/div>\n<\/div><\/div><\/section>\n\n\n\n<div id=\"section-g6db7dd\" class=\"wp-block-gutentor-e1 section-g6db7dd gutentor-element gutentor-element-advanced-text text-align-center-desktop\"><div class=\"gutentor-text-wrap\"><h4 class=\"gutentor-text\"><a href=\"https:\/\/www.sgreiner-immobilien.de\/content\/objekte\/\">Mehr Immobilienobjekte anzeigen<\/a><\/h4><\/div><\/div>\n<\/div><\/div>\n<\/div><\/div><\/section>\n","protected":false},"excerpt":{"rendered":"","protected":false},"author":1,"featured_media":0,"parent":0,"menu_order":0,"comment_status":"closed","ping_status":"closed","template":"template-gutentor-full-width.php","meta":{"footnotes":""},"class_list":["post-932","page","type-page","status-publish","hentry"],"_links":{"self":[{"href":"https:\/\/www.sgreiner-immobilien.de\/content\/wp-json\/wp\/v2\/pages\/932","targetHints":{"allow":["GET"]}}],"collection":[{"href":"https:\/\/www.sgreiner-immobilien.de\/content\/wp-json\/wp\/v2\/pages"}],"about":[{"href":"https:\/\/www.sgreiner-immobilien.de\/content\/wp-json\/wp\/v2\/types\/page"}],"author":[{"embeddable":true,"href":"https:\/\/www.sgreiner-immobilien.de\/content\/wp-json\/wp\/v2\/users\/1"}],"replies":[{"embeddable":true,"href":"https:\/\/www.sgreiner-immobilien.de\/content\/wp-json\/wp\/v2\/comments?post=932"}],"version-history":[{"count":8,"href":"https:\/\/www.sgreiner-immobilien.de\/content\/wp-json\/wp\/v2\/pages\/932\/revisions"}],"predecessor-version":[{"id":1280,"href":"https:\/\/www.sgreiner-immobilien.de\/content\/wp-json\/wp\/v2\/pages\/932\/revisions\/1280"}],"wp:attachment":[{"href":"https:\/\/www.sgreiner-immobilien.de\/content\/wp-json\/wp\/v2\/media?parent=932"}],"curies":[{"name":"wp","href":"https:\/\/api.w.org\/{rel}","templated":true}]}}