{"id":915,"date":"2023-04-27T19:03:12","date_gmt":"2023-04-27T17:03:12","guid":{"rendered":"https:\/\/grafix-dezign.de\/greiner\/?page_id=915"},"modified":"2025-08-17T08:57:00","modified_gmt":"2025-08-17T06:57:00","slug":"referenzen","status":"publish","type":"page","link":"https:\/\/www.sgreiner-immobilien.de\/content\/referenzen\/","title":{"rendered":"referenzen"},"content":{"rendered":"\n<div id=\"section-g53b768\" class=\"wp-block-gutentor-e6 section-g53b768 gutentor-element gutentor-element-image\"><div class=\"gutentor-element-image-box\"><div class=\"gutentor-bg-image\"><\/div><\/div><\/div>\n\n\n\n<section id=\"gmf4891dd\" class=\"wp-block-gutentor-m4 section-gmf4891dd gutentor-module gutentor-advanced-columns has-image-bg has-custom-bg\"><div class=\"grid-container\"><div class=\"grid-row\">\n<div id=\"col-gmba9085\" class=\"wp-block-gutentor-m4-col col-gmba9085 gutentor-single-column  grid-lg-12 grid-md-12 grid-12\"><div id=\"section-gmba9085\" class=\"section-gmba9085 gutentor-col-wrap\">\n<div id=\"section-g4e49bf\" class=\"wp-block-gutentor-e1 section-g4e49bf gutentor-element gutentor-element-advanced-text\"><div class=\"gutentor-text-wrap\"><h2 class=\"gutentor-text\">Ihre Meinung ist uns wichtig<\/h2><\/div><\/div>\n\n\n\n<div id=\"section-gba4523\" class=\"wp-block-gutentor-e1 section-gba4523 gutentor-element gutentor-element-advanced-text\"><div class=\"gutentor-text-wrap\"><p class=\"gutentor-text\">Wenn Sie mit unseren Leistungen zufrieden sind, w\u00fcrden wir uns \u00fcber ein kurze R\u00fcckmeldung von Ihnen freuen. Vielen Dank!<\/p><\/div><\/div>\n<\/div><\/div>\n<\/div><\/div><\/section>\n\n\n\n<section id=\"gm8269cf9\" class=\"wp-block-gutentor-m4 section-gm8269cf9 gutentor-module gutentor-advanced-columns\"><div class=\"grid-container\"><div class=\"grid-row\">\n<div id=\"col-gm076acf\" class=\"wp-block-gutentor-m4-col col-gm076acf gutentor-single-column  grid-lg-12 grid-md-12 grid-12\"><div id=\"section-gm076acf\" class=\"section-gm076acf gutentor-col-wrap\"><style id=\"wpforms-css-vars-root\">\n\t\t\t\t:root {\n\t\t\t\t\t--wpforms-field-border-radius: 3px;\n--wpforms-field-background-color: #ffffff;\n--wpforms-field-border-color: rgba( 0, 0, 0, 0.25 );\n--wpforms-field-text-color: rgba( 0, 0, 0, 0.7 );\n--wpforms-label-color: rgba( 0, 0, 0, 0.85 );\n--wpforms-label-sublabel-color: rgba( 0, 0, 0, 0.55 );\n--wpforms-label-error-color: #d63637;\n--wpforms-button-border-radius: 3px;\n--wpforms-button-background-color: #066aab;\n--wpforms-button-text-color: #ffffff;\n--wpforms-field-size-input-height: 43px;\n--wpforms-field-size-input-spacing: 15px;\n--wpforms-field-size-font-size: 16px;\n--wpforms-field-size-line-height: 19px;\n--wpforms-field-size-padding-h: 14px;\n--wpforms-field-size-checkbox-size: 16px;\n--wpforms-field-size-sublabel-spacing: 5px;\n--wpforms-field-size-icon-size: 1;\n--wpforms-label-size-font-size: 16px;\n--wpforms-label-size-line-height: 19px;\n--wpforms-label-size-sublabel-font-size: 14px;\n--wpforms-label-size-sublabel-line-height: 17px;\n--wpforms-button-size-font-size: 17px;\n--wpforms-button-size-height: 41px;\n--wpforms-button-size-padding-h: 15px;\n--wpforms-button-size-margin-top: 10px;\n\n\t\t\t\t}\n\t\t\t<\/style><div class=\"wpforms-container wpforms-container-full wpforms-block wpforms-block-73af7f3a-341e-48bb-b101-e269665f2124 wpforms-render-modern\" id=\"wpforms-922\"><form id=\"wpforms-form-922\" class=\"wpforms-validate wpforms-form wpforms-ajax-form\" data-formid=\"922\" method=\"post\" enctype=\"multipart\/form-data\" action=\"\/content\/wp-json\/wp\/v2\/pages\/915\" data-token=\"9279ba4ed310c769229c363d7bd1356c\"><noscript class=\"wpforms-error-noscript\">Bitte aktiviere JavaScript in deinem Browser, um dieses Formular fertigzustellen.<\/noscript><div class=\"wpforms-hidden\" id=\"wpforms-error-noscript\">Bitte aktiviere JavaScript in deinem Browser, um dieses Formular fertigzustellen.<\/div><div class=\"wpforms-field-container\"><div id=\"wpforms-922-field_3-container\" class=\"wpforms-field wpforms-field-radio wpforms-list-inline\" data-field-id=\"3\"><fieldset><legend class=\"wpforms-field-label\">Ihre Bewertung<\/legend><ul id=\"wpforms-922-field_3\" class=\"wpforms-image-choices wpforms-image-choices-none\"><li class=\"choice-1 depth-1 wpforms-image-choices-item\"><label class=\"wpforms-field-label-inline\" for=\"wpforms-922-field_3_1\" tabindex=\"0\"><span class=\"wpforms-image-choices-image\"><img decoding=\"async\" src=\"https:\/\/www.sgreiner-immobilien.de\/content\/wp-content\/uploads\/2023\/04\/1star.jpg\" alt=\"\"><\/span><br><input type=\"radio\" id=\"wpforms-922-field_3_1\" name=\"wpforms[fields][3]\" value=\"Wahlm\u00f6glichkeit 1\" aria-errormessage=\"wpforms-922-field_3_1-error\" tabindex=\"-1\"  ><span class=\"wpforms-image-choices-label\"><\/span><\/label><\/li><li class=\"choice-2 depth-1 wpforms-image-choices-item\"><label class=\"wpforms-field-label-inline\" for=\"wpforms-922-field_3_2\" tabindex=\"0\"><span class=\"wpforms-image-choices-image\"><img decoding=\"async\" src=\"https:\/\/www.sgreiner-immobilien.de\/content\/wp-content\/uploads\/2023\/04\/2star.jpg\" alt=\"\"><\/span><br><input type=\"radio\" id=\"wpforms-922-field_3_2\" name=\"wpforms[fields][3]\" value=\"Wahlm\u00f6glichkeit 2\" aria-errormessage=\"wpforms-922-field_3_2-error\" tabindex=\"-1\"  ><span class=\"wpforms-image-choices-label\"><\/span><\/label><\/li><li class=\"choice-3 depth-1 wpforms-image-choices-item\"><label class=\"wpforms-field-label-inline\" for=\"wpforms-922-field_3_3\" tabindex=\"0\"><span class=\"wpforms-image-choices-image\"><img decoding=\"async\" src=\"https:\/\/www.sgreiner-immobilien.de\/content\/wp-content\/uploads\/2023\/04\/3star.jpg\" alt=\"\"><\/span><br><input type=\"radio\" id=\"wpforms-922-field_3_3\" name=\"wpforms[fields][3]\" value=\"Wahlm\u00f6glichkeit 3\" aria-errormessage=\"wpforms-922-field_3_3-error\" tabindex=\"-1\"  ><span class=\"wpforms-image-choices-label\"><\/span><\/label><\/li><li class=\"choice-4 depth-1 wpforms-image-choices-item\"><label class=\"wpforms-field-label-inline\" for=\"wpforms-922-field_3_4\" tabindex=\"0\"><span class=\"wpforms-image-choices-image\"><img decoding=\"async\" src=\"https:\/\/www.sgreiner-immobilien.de\/content\/wp-content\/uploads\/2023\/04\/4star.jpg\" alt=\"\"><\/span><br><input type=\"radio\" id=\"wpforms-922-field_3_4\" name=\"wpforms[fields][3]\" value=\"Wahlm\u00f6glichkeit 4\" aria-errormessage=\"wpforms-922-field_3_4-error\" tabindex=\"-1\"  ><span class=\"wpforms-image-choices-label\"><\/span><\/label><\/li><li class=\"choice-5 depth-1 wpforms-image-choices-item\"><label class=\"wpforms-field-label-inline\" for=\"wpforms-922-field_3_5\" tabindex=\"0\"><span class=\"wpforms-image-choices-image\"><img decoding=\"async\" src=\"https:\/\/www.sgreiner-immobilien.de\/content\/wp-content\/uploads\/2023\/04\/5star.jpg\" alt=\"\"><\/span><br><input type=\"radio\" id=\"wpforms-922-field_3_5\" name=\"wpforms[fields][3]\" value=\"Wahlm\u00f6glichkeit 5\" aria-errormessage=\"wpforms-922-field_3_5-error\" tabindex=\"-1\"  ><span class=\"wpforms-image-choices-label\"><\/span><\/label><\/li><\/ul><\/fieldset><\/div><div id=\"wpforms-922-field_0-container\" class=\"wpforms-field wpforms-field-name\" data-field-id=\"0\"><fieldset><legend class=\"wpforms-field-label\">Name <span class=\"wpforms-required-label\" aria-hidden=\"true\">*<\/span><\/legend><div class=\"wpforms-field-row wpforms-field-medium\"><div class=\"wpforms-field-row-block wpforms-first wpforms-one-half\"><input type=\"text\" id=\"wpforms-922-field_0\" class=\"wpforms-field-name-first wpforms-field-required\" name=\"wpforms[fields][0][first]\" aria-errormessage=\"wpforms-922-field_0-error\" required><label for=\"wpforms-922-field_0\" class=\"wpforms-field-sublabel after \">Vorname<\/label><\/div><div class=\"wpforms-field-row-block wpforms-one-half\"><input type=\"text\" id=\"wpforms-922-field_0-last\" class=\"wpforms-field-name-last wpforms-field-required\" name=\"wpforms[fields][0][last]\" aria-errormessage=\"wpforms-922-field_0-last-error\" required><label for=\"wpforms-922-field_0-last\" class=\"wpforms-field-sublabel after \">Nachname<\/label><\/div><\/div><\/fieldset><\/div><div id=\"wpforms-922-field_1-container\" class=\"wpforms-field wpforms-field-email\" data-field-id=\"1\"><label class=\"wpforms-field-label\" for=\"wpforms-922-field_1\">E-Mail <span class=\"wpforms-required-label\" aria-hidden=\"true\">*<\/span><\/label><input type=\"email\" id=\"wpforms-922-field_1\" class=\"wpforms-field-medium wpforms-field-required\" name=\"wpforms[fields][1]\" spellcheck=\"false\" aria-errormessage=\"wpforms-922-field_1-error\" required><\/div><div id=\"wpforms-922-field_2-container\" class=\"wpforms-field wpforms-field-textarea\" data-field-id=\"2\"><label class=\"wpforms-field-label\" for=\"wpforms-922-field_2\">Ihre Nachricht<\/label><textarea id=\"wpforms-922-field_2\" class=\"wpforms-field-medium\" name=\"wpforms[fields][2]\" aria-errormessage=\"wpforms-922-field_2-error\" ><\/textarea><\/div><\/div><!-- .wpforms-field-container --><div class=\"wpforms-submit-container\" ><input type=\"hidden\" name=\"wpforms[id]\" value=\"922\"><input type=\"hidden\" name=\"wpforms[author]\" value=\"1\"><button type=\"submit\" name=\"wpforms[submit]\" id=\"wpforms-submit-922\" class=\"wpforms-submit\" data-alt-text=\"Senden\u2026\" data-submit-text=\"absenden\" aria-live=\"assertive\" value=\"wpforms-submit\">absenden<\/button><img loading=\"lazy\" decoding=\"async\" src=\"https:\/\/www.sgreiner-immobilien.de\/content\/wp-content\/plugins\/wpforms-lite\/assets\/images\/submit-spin.svg\" class=\"wpforms-submit-spinner\" style=\"display: none;\" width=\"26\" height=\"26\" alt=\"Wird geladen\"><\/div><\/form><\/div>  <!-- .wpforms-container --><\/div><\/div>\n<\/div><\/div><\/section>\n\n\n\n<section id=\"gm5c782f5\" class=\"wp-block-gutentor-m4 section-gm5c782f5 gutentor-module gutentor-advanced-columns has-color-bg has-custom-bg\"><div class=\"grid-container\"><div class=\"grid-row\">\n<div id=\"col-gmcb6abb\" class=\"wp-block-gutentor-m4-col col-gmcb6abb gutentor-single-column  grid-lg-12 grid-md-12 grid-12\"><div id=\"section-gmcb6abb\" class=\"section-gmcb6abb gutentor-col-wrap\">\n<div id=\"section-gb75238\" class=\"wp-block-gutentor-e1 section-gb75238 gutentor-element gutentor-element-advanced-text\"><div class=\"gutentor-text-wrap\"><h2 class=\"gutentor-text\">Was unsere Kunden sagen<\/h2><\/div><\/div>\n\n\n\n<div id=\"section-gfb2061\" class=\"wp-block-gutentor-e6 section-gfb2061 gutentor-element gutentor-element-image\"><div class=\"gutentor-element-image-box\"><div class=\"gutentor-image-thumb\"><img decoding=\"async\" class=\"normal-image\" src=\"https:\/\/www.sgreiner-immobilien.de\/content\/wp-content\/uploads\/2023\/04\/5star-blau.jpg\"\/><\/div><\/div><\/div>\n\n\n\n<div id=\"section-g-a7c1a6d\" class=\"wp-block-gutentor-e1 section-g-a7c1a6d gutentor-element gutentor-element-advanced-text\"><div class=\"gutentor-text-wrap\"><p class=\"gutentor-text\"><em>EINFACH NUR DANKE Wir haben unser \u201eTraum zu Hause\u201c gefunden !!! Ein sch\u00f6ner Bungalow im sch\u00f6nen Rheinhessen mit gro\u00dfem Garten und Schwimmhalle, umgeben von Weinbergen und dem Rhein. Vielen Dank an Herrn Greiner f\u00fcr die schnelle und unkomplizierte Vermittlung! Ein Rund-um-Service der wirklich 5<strong>*<\/strong> verdient !!!<\/em><br><br>Marina Falkenstein<\/p><\/div><\/div>\n\n\n\n<div id=\"section-g58eec9\" class=\"wp-block-gutentor-e6 section-g58eec9 gutentor-element gutentor-element-image\"><div class=\"gutentor-element-image-box\"><div class=\"gutentor-image-thumb\"><img decoding=\"async\" class=\"normal-image\" src=\"https:\/\/www.sgreiner-immobilien.de\/content\/wp-content\/uploads\/2024\/01\/4star-blau.jpg\"\/><\/div><\/div><\/div>\n\n\n\n<div id=\"section-g22ec1d\" class=\"wp-block-gutentor-e1 section-g22ec1d gutentor-element gutentor-element-advanced-text\"><div class=\"gutentor-text-wrap\"><p class=\"gutentor-text\"><em>Herr Greiner ist fachlich kompetent, sehr engagiert und hat unsere Immobilie in kurzer Zeit verkauft. \u00dcberzeugt hat mich seine ehrliche, anst\u00e4ndige Pers\u00f6nlichkeit in jeder Beziehung. Bezeichnend daf\u00fcr ist die Unterst\u00fctzung des K\u00e4ufers auch nach dem Vertragsabschluss. Gerne empfehle ich ihn aus \u00dcberzeugung weiter.<\/em><br><br>Bernard Schmidt-Clouth<\/p><\/div><\/div>\n\n\n\n<div id=\"section-g-8q314rh\" class=\"wp-block-gutentor-e6 section-g-8q314rh gutentor-element gutentor-element-image\"><div class=\"gutentor-element-image-box\"><div class=\"gutentor-image-thumb\"><img decoding=\"async\" class=\"normal-image\" src=\"https:\/\/www.sgreiner-immobilien.de\/content\/wp-content\/uploads\/2023\/04\/5star-blau.jpg\"\/><\/div><\/div><\/div>\n\n\n\n<div id=\"section-g39923a\" class=\"wp-block-gutentor-e1 section-g39923a gutentor-element gutentor-element-advanced-text\"><div class=\"gutentor-text-wrap\"><p class=\"gutentor-text\"><em>Mehr als ein Makler! Herr Greiner ist freundlich und zuverl\u00e4ssig. Er zeigt sich auch weit \u00fcber seine Funktion als Makler hinaus hilfsbereit und ist immer erreichbar. Engagiert und ehrlich begleitet er uns in unserer Mietangelegenheit.<br>Auf diesem Wege: Vielen Dank \ud83d\ude42<\/em><br><br>Kerstin und Dennis Grana<\/p><\/div><\/div>\n\n\n\n<div id=\"section-g10cff5\" class=\"wp-block-gutentor-e6 section-g10cff5 gutentor-element gutentor-element-image\"><div class=\"gutentor-element-image-box\"><div class=\"gutentor-image-thumb\"><img decoding=\"async\" class=\"normal-image\" src=\"https:\/\/www.sgreiner-immobilien.de\/content\/wp-content\/uploads\/2023\/04\/5star-blau.jpg\"\/><\/div><\/div><\/div>\n\n\n\n<div id=\"section-gddf04e\" class=\"wp-block-gutentor-e1 section-gddf04e gutentor-element gutentor-element-advanced-text\"><div class=\"gutentor-text-wrap\"><p class=\"gutentor-text\"><em>Ich habe mit Herrn Stefan Greiner als Makler eine wirklich sehr gute Erfahrung gemacht. Seine Ehrlichkeit hat mich beeindruckt, und seine Freundlichkeit hat den Hauskauf zu einer wirklich angenehmen Erfahrung gemacht. Die Beratung war nicht nur fachlich top, sondern auch menschlich genau das, was man in so einem Prozess braucht.<br>Stefan hat sein Wort gehalten, was in der Branche nicht selbstverst\u00e4ndlich ist. Er war immer da, wenn ich Fragen hatte, und hat den gesamten Prozess reibungslos gestaltet. Durch ihn habe ich nicht nur ein Haus in Zeppelinheim gefunden, sondern auch das Vertrauen, die richtige Entscheidung getroffen zu haben. Wenn du einen Makler suchst, der nicht nur Profi, sondern auch menschlich top ist, ist Stefan Greiner die perfekte Wahl.<\/em><br><br>Arlind Rama<\/p><\/div><\/div>\n\n\n\n<div id=\"section-gd6eb0d\" class=\"wp-block-gutentor-e6 section-gd6eb0d gutentor-element gutentor-element-image\"><div class=\"gutentor-element-image-box\"><div class=\"gutentor-image-thumb\"><img decoding=\"async\" class=\"normal-image\" src=\"https:\/\/www.sgreiner-immobilien.de\/content\/wp-content\/uploads\/2023\/04\/5star-blau.jpg\"\/><\/div><\/div><\/div>\n\n\n\n<div id=\"section-gac2ed9\" class=\"wp-block-gutentor-e1 section-gac2ed9 gutentor-element gutentor-element-advanced-text\"><div class=\"gutentor-text-wrap\"><p class=\"gutentor-text\"><em>Besten Dank f\u00fcr die hervorragende und wirklich schnelle Abwicklung beim  Verkauf unseres Hauses. F\u00fcr die Fachliche Kompetenz, gute Beratung,  Rund-Um-Service und absolute Freundlichkeit sowie die Betreuung f\u00fcr  K\u00e4ufer und Verk\u00e4ufer \u00fcber den Verkauf hinaus sind nur einige der  positiven Aspekte, welche ich hier erw\u00e4hnen kann. Vielen lieben Dank! Herrn Greiners langj\u00e4hrige Erfahrung im Immobiliensektor ist  hervorzuheben. Er ist zu 100% zuverl\u00e4ssig auch in Bezug auf R\u00fcckruf. Die  Professionalit\u00e4t von Greiner Immobilien und seinem B\u00fcro kann ich  uneingeschr\u00e4nkt weiterempfehlen. Im gesamten Verkaufsprozess sowohl in  professioneller und noch wichtiger auf menschlicher Ebene hat mich  vollends \u00fcberzeugt. Hier k\u00f6nnten andere Makler noch was lernen. <\/em><br><br>Leila Rothenburger<\/p><\/div><\/div>\n\n\n\n<div id=\"section-gf29bcb\" class=\"wp-block-gutentor-e6 section-gf29bcb gutentor-element gutentor-element-image\"><div class=\"gutentor-element-image-box\"><div class=\"gutentor-image-thumb\"><img decoding=\"async\" class=\"normal-image\" src=\"https:\/\/www.sgreiner-immobilien.de\/content\/wp-content\/uploads\/2023\/04\/5star-blau.jpg\"\/><\/div><\/div><\/div>\n\n\n\n<div id=\"section-g306a63\" class=\"wp-block-gutentor-e1 section-g306a63 gutentor-element gutentor-element-advanced-text\"><div class=\"gutentor-text-wrap\"><p class=\"gutentor-text\"><em>Wir wohnen in den USA und mussten neue Mieter f\u00fcr unser Apartment in Frankfurt finden. Uns ist Greiner Immobilen empfohlen worden und ich \/ wir k\u00f6nnen nur positives sagen. Auf Herr Greiner kann man sich verlassen!!<\/em><br><br>Martina und Frank Sohn<\/p><\/div><\/div>\n\n\n\n<div id=\"section-g2e99e5\" class=\"wp-block-gutentor-e6 section-g2e99e5 gutentor-element gutentor-element-image\"><div class=\"gutentor-element-image-box\"><div class=\"gutentor-image-thumb\"><img decoding=\"async\" class=\"normal-image\" src=\"https:\/\/www.sgreiner-immobilien.de\/content\/wp-content\/uploads\/2023\/04\/5star-blau.jpg\"\/><\/div><\/div><\/div>\n\n\n\n<div id=\"section-gb14dd3\" class=\"wp-block-gutentor-e1 section-gb14dd3 gutentor-element gutentor-element-advanced-text\"><div class=\"gutentor-text-wrap\"><p class=\"gutentor-text\"><em>Wir m\u00f6chten Herr Greiner an dieser Stelle einen Herzlichen Dank aussprechen! Trotz dass es bei der ersten Immobilie nicht geklappt hat, sind ihm unsere W\u00fcnsche in Erinnerung geblieben, sodass er letztlich die ideale Immobilie f\u00fcr uns ausfindig gemacht hat. Er hat im kompletten Prozess sowohl auf professioneller und noch wichtiger auf menschlicher Ebene vollends \u00fcberzeugt. Wir konnten im gesamten Kaufprozess von seiner langj\u00e4hrigen Erfahrung profitieren. Einer der wenigen Makler im Frankfurter Raum, bei dem man das Gef\u00fchl hat, dass ihm die W\u00fcnsche aller Parteien wichtig sind!<\/em><\/p><\/div><\/div>\n\n\n\n<div id=\"section-gb4b14b\" class=\"wp-block-gutentor-e1 section-gb4b14b gutentor-element gutentor-element-advanced-text\"><div class=\"gutentor-text-wrap\"><p class=\"gutentor-text\">Markus S.<\/p><\/div><\/div>\n\n\n\n<div id=\"section-gce801a\" class=\"wp-block-gutentor-e6 section-gce801a gutentor-element gutentor-element-image\"><div class=\"gutentor-element-image-box\"><div class=\"gutentor-image-thumb\"><img decoding=\"async\" class=\"normal-image\" src=\"https:\/\/www.sgreiner-immobilien.de\/content\/wp-content\/uploads\/2023\/04\/5star-blau.jpg\"\/><\/div><\/div><\/div>\n\n\n\n<div id=\"section-gfc9184\" class=\"wp-block-gutentor-e1 section-gfc9184 gutentor-element gutentor-element-advanced-text\"><div class=\"gutentor-text-wrap\"><p class=\"gutentor-text\"><em>Ich kenne Herrn Greiner seit vielen Jahren, besonders betonen m\u00f6chte ich hier seine Herzlichkeit, die N\u00e4he zum Kunden und das Gef\u00fchl, dass man seine Immobilie nicht nur verkauft, sondern mit Herz weitergibt. Seine langj\u00e4hrige Erfahrung im Immobilien-Sektor sp\u00fcrt der Kunde sofort. Von A wie Anfrage und Angebot bis \u00fcber N wie Notartermin zu \u00dc wie \u00dcbergabetermin vergebe ich 10 Punkte. Ich w\u00fcrde immer wieder auf die Professionalit\u00e4t Greiner Immobilien setzen und kann sein B\u00fcro uneingeschr\u00e4nkt weiterempfehlen.<\/em><\/p><\/div><\/div>\n\n\n\n<div id=\"section-gb3f642\" class=\"wp-block-gutentor-e1 section-gb3f642 gutentor-element gutentor-element-advanced-text\"><div class=\"gutentor-text-wrap\"><p class=\"gutentor-text\">Manuela Z.<\/p><\/div><\/div>\n\n\n\n<div id=\"section-g7d6a95\" class=\"wp-block-gutentor-e6 section-g7d6a95 gutentor-element gutentor-element-image\"><div class=\"gutentor-element-image-box\"><div class=\"gutentor-image-thumb\"><img decoding=\"async\" class=\"normal-image\" src=\"https:\/\/www.sgreiner-immobilien.de\/content\/wp-content\/uploads\/2023\/04\/5star-blau.jpg\"\/><\/div><\/div><\/div>\n\n\n\n<div id=\"section-g48cc65\" class=\"wp-block-gutentor-e1 section-g48cc65 gutentor-element gutentor-element-advanced-text\"><div class=\"gutentor-text-wrap\"><p class=\"gutentor-text\"><em>Herr Greiner ist ein sehr netter und verbindlicher Makler, der zuverl\u00e4ssig seine Versprechen einh\u00e4lt. Die Wohnungssuche hat reibungslos funktioniert. Wir waren sehr froh, dass wir mit Herrn Greiner zusammenarbeiten durften.<\/em><\/p><\/div><\/div>\n\n\n\n<div id=\"section-g629ddd\" class=\"wp-block-gutentor-e1 section-g629ddd gutentor-element gutentor-element-advanced-text\"><div class=\"gutentor-text-wrap\"><p class=\"gutentor-text\">Philipp H.<\/p><\/div><\/div>\n\n\n\n<div id=\"section-g4b71a1\" class=\"wp-block-gutentor-e6 section-g4b71a1 gutentor-element gutentor-element-image\"><div class=\"gutentor-element-image-box\"><div class=\"gutentor-image-thumb\"><img decoding=\"async\" class=\"normal-image\" src=\"https:\/\/www.sgreiner-immobilien.de\/content\/wp-content\/uploads\/2023\/04\/5star-blau.jpg\"\/><\/div><\/div><\/div>\n\n\n\n<div id=\"section-g983246\" class=\"wp-block-gutentor-e1 section-g983246 gutentor-element gutentor-element-advanced-text\"><div class=\"gutentor-text-wrap\"><p class=\"gutentor-text\"><em>Eine sehr freundlich und ehrliche Beratung. Vielen Dank!<\/em><\/p><\/div><\/div>\n\n\n\n<div id=\"section-g495df5\" class=\"wp-block-gutentor-e1 section-g495df5 gutentor-element gutentor-element-advanced-text\"><div class=\"gutentor-text-wrap\"><p class=\"gutentor-text\">Paulin<\/p><\/div><\/div>\n<\/div><\/div>\n<\/div><\/div><\/section>\n","protected":false},"excerpt":{"rendered":"","protected":false},"author":1,"featured_media":0,"parent":0,"menu_order":0,"comment_status":"closed","ping_status":"closed","template":"template-gutentor-full-width.php","meta":{"footnotes":""},"class_list":["post-915","page","type-page","status-publish","hentry"],"_links":{"self":[{"href":"https:\/\/www.sgreiner-immobilien.de\/content\/wp-json\/wp\/v2\/pages\/915","targetHints":{"allow":["GET"]}}],"collection":[{"href":"https:\/\/www.sgreiner-immobilien.de\/content\/wp-json\/wp\/v2\/pages"}],"about":[{"href":"https:\/\/www.sgreiner-immobilien.de\/content\/wp-json\/wp\/v2\/types\/page"}],"author":[{"embeddable":true,"href":"https:\/\/www.sgreiner-immobilien.de\/content\/wp-json\/wp\/v2\/users\/1"}],"replies":[{"embeddable":true,"href":"https:\/\/www.sgreiner-immobilien.de\/content\/wp-json\/wp\/v2\/comments?post=915"}],"version-history":[{"count":22,"href":"https:\/\/www.sgreiner-immobilien.de\/content\/wp-json\/wp\/v2\/pages\/915\/revisions"}],"predecessor-version":[{"id":1558,"href":"https:\/\/www.sgreiner-immobilien.de\/content\/wp-json\/wp\/v2\/pages\/915\/revisions\/1558"}],"wp:attachment":[{"href":"https:\/\/www.sgreiner-immobilien.de\/content\/wp-json\/wp\/v2\/media?parent=915"}],"curies":[{"name":"wp","href":"https:\/\/api.w.org\/{rel}","templated":true}]}}