{"id":740,"date":"2023-04-25T13:23:28","date_gmt":"2023-04-25T11:23:28","guid":{"rendered":"https:\/\/grafix-dezign.de\/greiner\/?page_id=740"},"modified":"2023-04-30T09:38:30","modified_gmt":"2023-04-30T07:38:30","slug":"guenstiger-heller-moderner-bueroraum-mit-gemeinschaftsflaeche","status":"publish","type":"page","link":"https:\/\/www.sgreiner-immobilien.de\/content\/guenstiger-heller-moderner-bueroraum-mit-gemeinschaftsflaeche\/","title":{"rendered":"G\u00fcnstiger, heller, moderner B\u00fcroraum mit Gemeinschaftsfl\u00e4che"},"content":{"rendered":"\n<div id=\"section-gd750ba\" class=\"wp-block-gutentor-e6 section-gd750ba gutentor-element gutentor-element-image\"><div class=\"gutentor-element-image-box\"><div class=\"gutentor-bg-image\"><\/div><\/div><\/div>\n\n\n\n<section id=\"gm34083c3\" class=\"wp-block-gutentor-m4 section-gm34083c3 gutentor-module gutentor-advanced-columns has-image-bg has-custom-bg\"><div class=\"grid-container\"><div class=\"grid-row\">\n<div id=\"col-gme29964\" class=\"wp-block-gutentor-m4-col col-gme29964 gutentor-single-column  grid-lg-12 grid-md-12 grid-12\"><div id=\"section-gme29964\" class=\"section-gme29964 gutentor-col-wrap\">\n<div id=\"section-g0b70cf\" class=\"wp-block-gutentor-e1 section-g0b70cf gutentor-element gutentor-element-advanced-text\"><div class=\"gutentor-text-wrap\"><h2 class=\"gutentor-text\">G\u00fcnstiger, heller, moderner B\u00fcroraum mit Gemeinschaftsfl\u00e4che<\/h2><\/div><\/div>\n<\/div><\/div>\n<\/div><\/div><\/section>\n\n\n\n<section id=\"section-9ee45f0e-17f5-431a-987d-74bb451624f2\" class=\"wp-block-gutentor-gallery gutentor-section gutentor-gallery gutentor-gallery-wrapper enable-masonry gallery-template2\"><div class=\"grid-container\"><div class=\"grid-row gutentor-grid-item-wrap full-width-row\"><div class=\"gutentor-gallery-item grid-lg-4 grid-md-4 grid-12\"><div class=\"gutentor-single-item gutentor-image gutentor-single-item-0\"><div class=\"gutentor-gallery-item-wrap\"><div class=\"gutentor-single-item-image-box\"><div class=\"gutentor-image-thumb\"><img loading=\"lazy\" decoding=\"async\" class=\"normal-image\" src=\"https:\/\/www.sgreiner-immobilien.de\/content\/wp-content\/uploads\/2023\/04\/1-2.jpg\" alt=\"\" height=\"830\" width=\"838\"\/><\/div><\/div><div class=\"gutentor-single-item-content\"><div class=\"gutentor-gallery-item-header\"><a href=\"https:\/\/www.sgreiner-immobilien.de\/content\/wp-content\/uploads\/2023\/04\/1-2.jpg\" class=\"image-gallery\"><i class=\"gallery-icon fas fa-search\"><\/i><\/a><\/div><div class=\"gutentor-gallery-item-desc\"><\/div><\/div><\/div><\/div><\/div><div class=\"gutentor-gallery-item grid-lg-4 grid-md-4 grid-12\"><div class=\"gutentor-single-item gutentor-image gutentor-single-item-1\"><div class=\"gutentor-gallery-item-wrap\"><div class=\"gutentor-single-item-image-box\"><div class=\"gutentor-image-thumb\"><img loading=\"lazy\" decoding=\"async\" class=\"normal-image\" src=\"https:\/\/www.sgreiner-immobilien.de\/content\/wp-content\/uploads\/2023\/04\/2-3.jpg\" alt=\"\" height=\"830\" width=\"467\"\/><\/div><\/div><div class=\"gutentor-single-item-content\"><div class=\"gutentor-gallery-item-header\"><a href=\"https:\/\/www.sgreiner-immobilien.de\/content\/wp-content\/uploads\/2023\/04\/2-3.jpg\" class=\"image-gallery\"><i class=\"gallery-icon fas fa-search\"><\/i><\/a><\/div><div class=\"gutentor-gallery-item-desc\"><\/div><\/div><\/div><\/div><\/div><div class=\"gutentor-gallery-item grid-lg-4 grid-md-4 grid-12\"><div class=\"gutentor-single-item gutentor-image gutentor-single-item-2\"><div class=\"gutentor-gallery-item-wrap\"><div class=\"gutentor-single-item-image-box\"><div class=\"gutentor-image-thumb\"><img loading=\"lazy\" decoding=\"async\" class=\"normal-image\" src=\"https:\/\/www.sgreiner-immobilien.de\/content\/wp-content\/uploads\/2023\/04\/3-2.jpg\" alt=\"\" height=\"682\" width=\"1106\"\/><\/div><\/div><div class=\"gutentor-single-item-content\"><div class=\"gutentor-gallery-item-header\"><a href=\"https:\/\/www.sgreiner-immobilien.de\/content\/wp-content\/uploads\/2023\/04\/3-2.jpg\" class=\"image-gallery\"><i class=\"gallery-icon fas fa-search\"><\/i><\/a><\/div><div class=\"gutentor-gallery-item-desc\"><\/div><\/div><\/div><\/div><\/div><div class=\"gutentor-gallery-item grid-lg-4 grid-md-4 grid-12\"><div class=\"gutentor-single-item gutentor-image gutentor-single-item-3\"><div class=\"gutentor-gallery-item-wrap\"><div class=\"gutentor-single-item-image-box\"><div class=\"gutentor-image-thumb\"><img loading=\"lazy\" decoding=\"async\" class=\"normal-image\" src=\"https:\/\/www.sgreiner-immobilien.de\/content\/wp-content\/uploads\/2023\/04\/4-2.jpg\" alt=\"\" height=\"830\" width=\"618\"\/><\/div><\/div><div class=\"gutentor-single-item-content\"><div class=\"gutentor-gallery-item-header\"><a href=\"https:\/\/www.sgreiner-immobilien.de\/content\/wp-content\/uploads\/2023\/04\/4-2.jpg\" class=\"image-gallery\"><i class=\"gallery-icon fas fa-search\"><\/i><\/a><\/div><div class=\"gutentor-gallery-item-desc\"><\/div><\/div><\/div><\/div><\/div><div class=\"gutentor-gallery-item grid-lg-4 grid-md-4 grid-12\"><div class=\"gutentor-single-item gutentor-image gutentor-single-item-4\"><div class=\"gutentor-gallery-item-wrap\"><div class=\"gutentor-single-item-image-box\"><div class=\"gutentor-image-thumb\"><img loading=\"lazy\" decoding=\"async\" class=\"normal-image\" src=\"https:\/\/www.sgreiner-immobilien.de\/content\/wp-content\/uploads\/2023\/04\/5-2.jpg\" alt=\"\" height=\"830\" width=\"545\"\/><\/div><\/div><div class=\"gutentor-single-item-content\"><div class=\"gutentor-gallery-item-header\"><a href=\"https:\/\/www.sgreiner-immobilien.de\/content\/wp-content\/uploads\/2023\/04\/5-2.jpg\" class=\"image-gallery\"><i class=\"gallery-icon fas fa-search\"><\/i><\/a><\/div><div class=\"gutentor-gallery-item-desc\"><\/div><\/div><\/div><\/div><\/div><div class=\"gutentor-gallery-item grid-lg-4 grid-md-4 grid-12\"><div class=\"gutentor-single-item gutentor-image gutentor-single-item-5\"><div class=\"gutentor-gallery-item-wrap\"><div class=\"gutentor-single-item-image-box\"><div class=\"gutentor-image-thumb\"><img loading=\"lazy\" decoding=\"async\" class=\"normal-image\" src=\"https:\/\/www.sgreiner-immobilien.de\/content\/wp-content\/uploads\/2023\/04\/6-2.jpg\" alt=\"\" height=\"682\" width=\"1106\"\/><\/div><\/div><div class=\"gutentor-single-item-content\"><div class=\"gutentor-gallery-item-header\"><a href=\"https:\/\/www.sgreiner-immobilien.de\/content\/wp-content\/uploads\/2023\/04\/6-2.jpg\" class=\"image-gallery\"><i class=\"gallery-icon fas fa-search\"><\/i><\/a><\/div><div class=\"gutentor-gallery-item-desc\"><\/div><\/div><\/div><\/div><\/div><\/div><\/div><\/section>\n\n\n\n<section id=\"gm8b163d1\" class=\"wp-block-gutentor-m4 section-gm8b163d1 gutentor-module gutentor-advanced-columns\"><div class=\"grid-container\"><div class=\"grid-row\">\n<div id=\"col-gmf22f41\" class=\"wp-block-gutentor-m4-col col-gmf22f41 gutentor-single-column  grid-lg-12 grid-md-12 grid-12\"><div id=\"section-gmf22f41\" class=\"section-gmf22f41 gutentor-col-wrap\">\n<div id=\"section-g9f6e73\" class=\"wp-block-gutentor-e1 section-g9f6e73 gutentor-element gutentor-element-advanced-text\"><div class=\"gutentor-text-wrap\"><p class=\"gutentor-text\">Die modernen sowie renovierten B\u00fcrofl\u00e4chen befinden sich in zentraler Lage von Dreieich-Sprendlingen. Die B\u00fcrofl\u00e4chen wurden im Jahr 2020 komplett modernisiert. Die einzelnen B\u00fcros sind mit einer CAT5 Verkabelung ausgestattet. Eine Vorrichtung f\u00fcr Internet-Telefonie ist vorhanden. W-LAN ist kostenfrei nutzbar! F\u00fcr die Gemeinschaftsfl\u00e4chen (Flur, Toiletten, K\u00fcche, Gemeinschaftsraum) wurden drei Quadratmeter berechnet.<br><br><strong>Lage<\/strong><br>Unser B\u00fcrohaus befindet sich im Industriegebiet von Dreieich-Sprendlingen, in direkter N\u00e4he zur Infrastruktur und Innenstadt. Die unmittelbare N\u00e4he zum Flughafen-FFM sowie der Innenstadt von Frankfurt a.M. macht diesen Standort ebenso interessant, wie der dort gebotene Service und die Bandbreite an Gewerbefl\u00e4chen. <br>&#8211; Bushaltestelle direkt am Objekt<br>&#8211; 2 Min. bis zur n\u00e4chsten Autobahn <br>&#8211; 5 Min. bis zum n\u00e4chsten Bahnhof <br>&#8211; 15 Min. bis Flughafen Ffm, 15 Min. bis Frankfurt City<br><br><strong>Ausstattung<\/strong><br>Die B\u00fcrofl\u00e4chen zeichnen sich durch folgende Details aus: # In der B\u00fcrofl\u00e4che wurden drei Quadratmeter Gemeinschaftsfl\u00e4che (Flur, K\u00fcche, Toiletten, Gemeinschaftsraum) reingerechnet. # Laminat Fussboden # kostenfreies W-LAN # CAT 5 Verkabelung # Nutzung gemeinschaftlicher K\u00fcchen # Inklusive Strom # Inklusive Heizung\/Wasser<br><br><strong>monatl. Miete pro m\u00b2: 7,50 \u20ac<br>Nebenkosten pro m\u00b2: 4,50 \u20ac<br>Fl\u00e4che: 35 m\u00b2<\/strong><\/p><\/div><\/div>\n<\/div><\/div>\n<\/div><\/div><\/section>\n\n\n\n<section id=\"gm22b08de\" class=\"wp-block-gutentor-m4 section-gm22b08de gutentor-module gutentor-advanced-columns has-color-bg has-custom-bg\"><div class=\"grid-container\"><div class=\"grid-row\">\n<div id=\"col-gmf9ca4f\" class=\"wp-block-gutentor-m4-col col-gmf9ca4f gutentor-single-column  grid-lg-12 grid-md-12 grid-12\"><div id=\"section-gmf9ca4f\" class=\"section-gmf9ca4f gutentor-col-wrap\">\n<div id=\"section-g6414a0\" class=\"wp-block-gutentor-e1 section-g6414a0 gutentor-element gutentor-element-advanced-text text-align-center-desktop\"><div class=\"gutentor-text-wrap\"><h2 class=\"gutentor-text\">Interesse an diesem Objekt?<\/h2><\/div><\/div>\n\n\n\n<div id=\"section-gaac467\" class=\"wp-block-gutentor-e1 section-gaac467 gutentor-element gutentor-element-advanced-text text-align-center-desktop\"><div class=\"gutentor-text-wrap\"><p class=\"gutentor-text\">Gerne informieren wir Sie \u00fcber Details und vereinbaren einen Besichtigungstermin:<\/p><\/div><\/div>\n\n\n\n<section id=\"gm6f553f7\" class=\"wp-block-gutentor-m4 section-gm6f553f7 gutentor-module gutentor-advanced-columns\"><div class=\"grid-container\"><div class=\"grid-row\">\n<div id=\"col-gm97b0fb\" class=\"wp-block-gutentor-m4-col col-gm97b0fb gutentor-single-column  grid-lg-6 grid-md-12 grid-12\"><div id=\"section-gm97b0fb\" class=\"section-gm97b0fb gutentor-col-wrap\">\n<div id=\"section-g6c389c\" class=\"wp-block-gutentor-e2 section-g6c389c gutentor-element gutentor-element-button button-align-center-desktop\"><span class=\"gutentor-button-wrap\"><a class=\"gutentor-button gutentor-block-button gutentor-icon-before\" href=\"tel:\/\/06102320611\"><i class=\"gutentor-button-icon fas fa-phone\"><\/i><span>06102 \/ 32 06 11<\/span><\/a><\/span><\/div>\n<\/div><\/div>\n\n\n\n<div id=\"col-gm83f8e3\" class=\"wp-block-gutentor-m4-col col-gm83f8e3 gutentor-single-column  grid-lg-6 grid-md-12 grid-12\"><div id=\"section-gm83f8e3\" class=\"section-gm83f8e3 gutentor-col-wrap\">\n<div id=\"section-g7c481b\" class=\"wp-block-gutentor-e2 section-g7c481b gutentor-element gutentor-element-button\"><span class=\"gutentor-button-wrap\"><a class=\"gutentor-button gutentor-block-button gutentor-icon-before\" href=\"mailto:info@sgreiner-immobilien.de\"><i class=\"gutentor-button-icon fas fa-envelope\"><\/i><span>info@sgreiner-immobilien.de<\/span><\/a><\/span><\/div>\n<\/div><\/div>\n<\/div><\/div><\/section>\n\n\n\n<div id=\"section-g6db7dd\" class=\"wp-block-gutentor-e1 section-g6db7dd gutentor-element gutentor-element-advanced-text text-align-center-desktop\"><div class=\"gutentor-text-wrap\"><h4 class=\"gutentor-text\"><a href=\"https:\/\/www.sgreiner-immobilien.de\/content\/objekte\/\">Mehr Immobilienobjekte anzeigen<\/a><\/h4><\/div><\/div>\n<\/div><\/div>\n<\/div><\/div><\/section>\n","protected":false},"excerpt":{"rendered":"","protected":false},"author":1,"featured_media":0,"parent":0,"menu_order":0,"comment_status":"closed","ping_status":"closed","template":"template-gutentor-full-width.php","meta":{"footnotes":""},"class_list":["post-740","page","type-page","status-publish","hentry"],"_links":{"self":[{"href":"https:\/\/www.sgreiner-immobilien.de\/content\/wp-json\/wp\/v2\/pages\/740","targetHints":{"allow":["GET"]}}],"collection":[{"href":"https:\/\/www.sgreiner-immobilien.de\/content\/wp-json\/wp\/v2\/pages"}],"about":[{"href":"https:\/\/www.sgreiner-immobilien.de\/content\/wp-json\/wp\/v2\/types\/page"}],"author":[{"embeddable":true,"href":"https:\/\/www.sgreiner-immobilien.de\/content\/wp-json\/wp\/v2\/users\/1"}],"replies":[{"embeddable":true,"href":"https:\/\/www.sgreiner-immobilien.de\/content\/wp-json\/wp\/v2\/comments?post=740"}],"version-history":[{"count":7,"href":"https:\/\/www.sgreiner-immobilien.de\/content\/wp-json\/wp\/v2\/pages\/740\/revisions"}],"predecessor-version":[{"id":1103,"href":"https:\/\/www.sgreiner-immobilien.de\/content\/wp-json\/wp\/v2\/pages\/740\/revisions\/1103"}],"wp:attachment":[{"href":"https:\/\/www.sgreiner-immobilien.de\/content\/wp-json\/wp\/v2\/media?parent=740"}],"curies":[{"name":"wp","href":"https:\/\/api.w.org\/{rel}","templated":true}]}}