{"id":53,"date":"2019-10-01T09:08:02","date_gmt":"2019-10-01T07:08:02","guid":{"rendered":"https:\/\/www.demo.cosmoswp.com\/demo-3\/?page_id=206"},"modified":"2023-04-30T09:18:32","modified_gmt":"2023-04-30T07:18:32","slug":"ueber-uns","status":"publish","type":"page","link":"https:\/\/www.sgreiner-immobilien.de\/content\/ueber-uns\/","title":{"rendered":"profil"},"content":{"rendered":"\n<div id=\"section-g452674\" class=\"wp-block-gutentor-e6 section-g452674 gutentor-element gutentor-element-image\"><div class=\"gutentor-element-image-box\"><div class=\"gutentor-bg-image\"><\/div><\/div><\/div>\n\n\n\n<section id=\"gmb03c916\" class=\"wp-block-gutentor-m4 section-gmb03c916 gutentor-module gutentor-advanced-columns has-image-bg has-custom-bg\"><div class=\"grid-container\"><div class=\"grid-row\">\n<div id=\"col-gm2d2e19\" class=\"wp-block-gutentor-m4-col col-gm2d2e19 gutentor-single-column  grid-lg-12 grid-md-12 grid-12\"><div id=\"section-gm2d2e19\" class=\"section-gm2d2e19 gutentor-col-wrap\">\n<div id=\"section-gb4aa8e\" class=\"wp-block-gutentor-e1 section-gb4aa8e gutentor-element gutentor-element-advanced-text\"><div class=\"gutentor-text-wrap\"><h2 class=\"gutentor-text\">\u00dcber 30 Jahre Erfahrung<\/h2><\/div><\/div>\n\n\n\n<div id=\"section-ga4b411\" class=\"wp-block-gutentor-e1 section-ga4b411 gutentor-element gutentor-element-advanced-text\"><div class=\"gutentor-text-wrap\"><p class=\"gutentor-text\">Im kommenden Jahr feiern wir unser 35-j\u00e4hriges Jubil\u00e4um &#8211; als Maklerunternehmen mit Schwerpunkten in Frankfurt, Offenbach und im Vordertaunus. Seit wir in der Immobilienbranche t\u00e4tig sind, versuchen wir Verk\u00e4ufer und K\u00e4ufer zu 100% zufriedenzustellen.<\/p><\/div><\/div>\n\n\n\n<div id=\"section-g495262\" class=\"wp-block-gutentor-e1 section-g495262 gutentor-element gutentor-element-advanced-text\"><div class=\"gutentor-text-wrap\"><h4 class=\"gutentor-text\">Greiner Immobilien ist seit \u00fcber 30 Jahren spezialisiert auf Villen, Ein- und Mehrfamilienh\u00e4user, Wohnungen und Grundst\u00fccke.<\/h4><\/div><\/div>\n\n\n\n<div id=\"section-gb8b302\" class=\"wp-block-gutentor-e1 section-gb8b302 gutentor-element gutentor-element-advanced-text\"><div class=\"gutentor-text-wrap\"><p class=\"gutentor-text\">Sollten Sie \u00fcber einen Kauf oder Verkauf ihrer Wohnung, Ihres Hauses, Ihres Grundst\u00fcckes oder die Vermietung Ihrer Immobilie nachdenken, dann rufen Sie uns schnellstm\u00f6glist an<\/p><\/div><\/div>\n\n\n\n<div id=\"section-gd2d5ee\" class=\"wp-block-gutentor-e2 section-gd2d5ee gutentor-element gutentor-element-button\"><span class=\"gutentor-button-wrap\"><a class=\"gutentor-button gutentor-block-button gutentor-icon-before\" href=\"tel:\/\/06102320611\"><i class=\"gutentor-button-icon fas fa-phone\"><\/i><span>06102 \/ 32 06 11<\/span><\/a><\/span><\/div>\n\n\n\n<div id=\"section-ga03d99\" class=\"wp-block-gutentor-e1 section-ga03d99 gutentor-element gutentor-element-advanced-text\"><div class=\"gutentor-text-wrap\"><p class=\"gutentor-text\">Wir k\u00fcmmern uns pers\u00f6nlich, schnell und diskret um Ihr Anliegen.<\/p><\/div><\/div>\n<\/div><\/div>\n<\/div><\/div><\/section>\n\n\n\n<section id=\"gm63dc8b8\" class=\"wp-block-gutentor-m4 section-gm63dc8b8 gutentor-module gutentor-advanced-columns\"><div class=\"grid-container\"><div class=\"grid-row\">\n<div id=\"col-gma9a28a\" class=\"wp-block-gutentor-m4-col col-gma9a28a gutentor-single-column  grid-lg-12 grid-md-12 grid-12\"><div id=\"section-gma9a28a\" class=\"section-gma9a28a gutentor-col-wrap\">\n<div id=\"section-gcbb395\" class=\"wp-block-gutentor-e1 section-gcbb395 gutentor-element gutentor-element-advanced-text\"><div class=\"gutentor-text-wrap\"><h4 class=\"gutentor-text\">Wir bewerten gerne kostenlos Ihre Immobilie in einem ausf\u00fchrlichen Besichtigungstermin. <br>Dieser Service ist absolut unverbindlich.<\/h4><\/div><\/div>\n\n\n\n<section id=\"gm624ba63\" class=\"wp-block-gutentor-m4 section-gm624ba63 gutentor-module gutentor-advanced-columns\"><div class=\"grid-container\"><div class=\"grid-row\">\n<div id=\"col-gmbe2f9d\" class=\"wp-block-gutentor-m4-col col-gmbe2f9d gutentor-single-column  grid-lg-4 grid-md-12 grid-12\"><div id=\"section-gmbe2f9d\" class=\"section-gmbe2f9d gutentor-col-wrap\">\n<div id=\"section-g48ab44\" class=\"wp-block-gutentor-e6 section-g48ab44 gutentor-element gutentor-element-image\"><div class=\"gutentor-element-image-box\"><a class=\"gutentor-element-image-link\" href=\"https:\/\/www.immobilienscout24.de\/anbieter\/profil\/greiner-immobilien-63263-neu-isenburg\" target=\"_blank\" rel=\"noopener noreferrer\"><div class=\"gutentor-image-thumb\"><img decoding=\"async\" class=\"normal-image\" src=\"https:\/\/www.sgreiner-immobilien.de\/content\/wp-content\/uploads\/2023\/04\/immo-partner.jpg\"\/><\/div><\/a><\/div><\/div>\n<\/div><\/div>\n\n\n\n<div id=\"col-gmd98424\" class=\"wp-block-gutentor-m4-col col-gmd98424 gutentor-single-column  grid-lg-4 grid-md-12 grid-12\"><div id=\"section-gmd98424\" class=\"section-gmd98424 gutentor-col-wrap\">\n<div id=\"section-g8258b1\" class=\"wp-block-gutentor-e6 section-g8258b1 gutentor-element gutentor-element-image\"><div class=\"gutentor-element-image-box\"><a class=\"gutentor-element-image-link\" href=\"https:\/\/www.immowelt.de\/profil\/a96aa797b8b449abaf7b8881885c6b7a\" target=\"_blank\" rel=\"noopener noreferrer\"><div class=\"gutentor-image-thumb\"><img decoding=\"async\" class=\"normal-image\" src=\"https:\/\/www.sgreiner-immobilien.de\/content\/wp-content\/uploads\/2023\/04\/immowelt-partner.jpg\"\/><\/div><\/a><\/div><\/div>\n<\/div><\/div>\n\n\n\n<div id=\"col-gmf3ddb2\" class=\"wp-block-gutentor-m4-col col-gmf3ddb2 gutentor-single-column  grid-lg-4 grid-md-12 grid-12\"><div id=\"section-gmf3ddb2\" class=\"section-gmf3ddb2 gutentor-col-wrap\"><\/div><\/div>\n<\/div><\/div><\/section>\n<\/div><\/div>\n<\/div><\/div><\/section>\n","protected":false},"excerpt":{"rendered":"","protected":false},"author":1,"featured_media":0,"parent":0,"menu_order":0,"comment_status":"closed","ping_status":"closed","template":"template-gutentor-full-width.php","meta":{"footnotes":""},"class_list":["post-53","page","type-page","status-publish","hentry"],"_links":{"self":[{"href":"https:\/\/www.sgreiner-immobilien.de\/content\/wp-json\/wp\/v2\/pages\/53","targetHints":{"allow":["GET"]}}],"collection":[{"href":"https:\/\/www.sgreiner-immobilien.de\/content\/wp-json\/wp\/v2\/pages"}],"about":[{"href":"https:\/\/www.sgreiner-immobilien.de\/content\/wp-json\/wp\/v2\/types\/page"}],"author":[{"embeddable":true,"href":"https:\/\/www.sgreiner-immobilien.de\/content\/wp-json\/wp\/v2\/users\/1"}],"replies":[{"embeddable":true,"href":"https:\/\/www.sgreiner-immobilien.de\/content\/wp-json\/wp\/v2\/comments?post=53"}],"version-history":[{"count":28,"href":"https:\/\/www.sgreiner-immobilien.de\/content\/wp-json\/wp\/v2\/pages\/53\/revisions"}],"predecessor-version":[{"id":1079,"href":"https:\/\/www.sgreiner-immobilien.de\/content\/wp-json\/wp\/v2\/pages\/53\/revisions\/1079"}],"wp:attachment":[{"href":"https:\/\/www.sgreiner-immobilien.de\/content\/wp-json\/wp\/v2\/media?parent=53"}],"curies":[{"name":"wp","href":"https:\/\/api.w.org\/{rel}","templated":true}]}}