{"id":1501,"date":"2025-04-04T11:46:35","date_gmt":"2025-04-04T09:46:35","guid":{"rendered":"https:\/\/www.sgreiner-immobilien.de\/content\/?page_id=1501"},"modified":"2025-04-04T18:12:53","modified_gmt":"2025-04-04T16:12:53","slug":"ruhig-idyllisch-und-dennoch-zentral","status":"publish","type":"page","link":"https:\/\/www.sgreiner-immobilien.de\/content\/ruhig-idyllisch-und-dennoch-zentral\/","title":{"rendered":"Ruhig, idyllisch und dennoch zentral"},"content":{"rendered":"\n<div id=\"section-ga160ef\" class=\"wp-block-gutentor-e6 section-ga160ef gutentor-element gutentor-element-image\"><div class=\"gutentor-element-image-box\"><div class=\"gutentor-bg-image\"><\/div><\/div><\/div>\n\n\n\n<section id=\"gm67e3365\" class=\"wp-block-gutentor-m4 section-gm67e3365 gutentor-module gutentor-advanced-columns has-image-bg has-custom-bg\"><div class=\"grid-container\"><div class=\"grid-row\">\n<div id=\"col-gmd47779\" class=\"wp-block-gutentor-m4-col col-gmd47779 gutentor-single-column  grid-lg-12 grid-md-12 grid-12\"><div id=\"section-gmd47779\" class=\"section-gmd47779 gutentor-col-wrap\">\n<div id=\"section-g798f29\" class=\"wp-block-gutentor-e1 section-g798f29 gutentor-element gutentor-element-advanced-text\"><div class=\"gutentor-text-wrap\"><h2 class=\"gutentor-text\">Ruhig, idyllisch und dennoch zentral in Frankfurt<\/h2><\/div><\/div>\n\n\n\n<section id=\"section-c70549b3-c19f-454a-a446-1c035f319f2e\" class=\"wp-block-gutentor-gallery gutentor-section gutentor-gallery gutentor-gallery-wrapper enable-masonry gallery-template2\"><div class=\"grid-container\"><div class=\"grid-row gutentor-grid-item-wrap full-width-row\"><div class=\"gutentor-gallery-item grid-lg-4 grid-md-4 grid-6\"><div class=\"gutentor-single-item gutentor-image gutentor-single-item-0\"><div class=\"gutentor-gallery-item-wrap\"><div class=\"gutentor-single-item-image-box\"><div class=\"gutentor-image-thumb\"><img loading=\"lazy\" decoding=\"async\" class=\"normal-image\" src=\"https:\/\/www.sgreiner-immobilien.de\/content\/wp-content\/uploads\/2025\/04\/22e5fc7a-0aaa-40f8-9df5-3e1b131901c0-1863420094.jpg\" alt=\"\" height=\"830\" width=\"623\"\/><\/div><\/div><div class=\"gutentor-single-item-content\"><div class=\"gutentor-gallery-item-header\"><a href=\"https:\/\/www.sgreiner-immobilien.de\/content\/wp-content\/uploads\/2025\/04\/22e5fc7a-0aaa-40f8-9df5-3e1b131901c0-1863420094.jpg\" class=\"image-gallery\"><i class=\"gallery-icon fas fa-search\"><\/i><\/a><\/div><div class=\"gutentor-gallery-item-desc\"><\/div><\/div><\/div><\/div><\/div><div class=\"gutentor-gallery-item grid-lg-4 grid-md-4 grid-6\"><div class=\"gutentor-single-item gutentor-image gutentor-single-item-1\"><div class=\"gutentor-gallery-item-wrap\"><div class=\"gutentor-single-item-image-box\"><div class=\"gutentor-image-thumb\"><img loading=\"lazy\" decoding=\"async\" class=\"normal-image\" src=\"https:\/\/www.sgreiner-immobilien.de\/content\/wp-content\/uploads\/2025\/04\/2c8c9c98-4cfd-4bc9-aaed-9b6f2bef9028-1863419570.jpg\" alt=\"\" height=\"830\" width=\"623\"\/><\/div><\/div><div class=\"gutentor-single-item-content\"><div class=\"gutentor-gallery-item-header\"><a href=\"https:\/\/www.sgreiner-immobilien.de\/content\/wp-content\/uploads\/2025\/04\/2c8c9c98-4cfd-4bc9-aaed-9b6f2bef9028-1863419570.jpg\" class=\"image-gallery\"><i class=\"gallery-icon fas fa-search\"><\/i><\/a><\/div><div class=\"gutentor-gallery-item-desc\"><\/div><\/div><\/div><\/div><\/div><div class=\"gutentor-gallery-item grid-lg-4 grid-md-4 grid-6\"><div class=\"gutentor-single-item gutentor-image gutentor-single-item-2\"><div class=\"gutentor-gallery-item-wrap\"><div class=\"gutentor-single-item-image-box\"><div class=\"gutentor-image-thumb\"><img loading=\"lazy\" decoding=\"async\" class=\"normal-image\" src=\"https:\/\/www.sgreiner-immobilien.de\/content\/wp-content\/uploads\/2025\/04\/29b30955-b645-4f0d-8fb3-4ed594f7bf70-1863420159.jpg\" alt=\"\" height=\"830\" width=\"623\"\/><\/div><\/div><div class=\"gutentor-single-item-content\"><div class=\"gutentor-gallery-item-header\"><a href=\"https:\/\/www.sgreiner-immobilien.de\/content\/wp-content\/uploads\/2025\/04\/29b30955-b645-4f0d-8fb3-4ed594f7bf70-1863420159.jpg\" class=\"image-gallery\"><i class=\"gallery-icon fas fa-search\"><\/i><\/a><\/div><div class=\"gutentor-gallery-item-desc\"><\/div><\/div><\/div><\/div><\/div><div class=\"gutentor-gallery-item grid-lg-4 grid-md-4 grid-6\"><div class=\"gutentor-single-item gutentor-image gutentor-single-item-3\"><div class=\"gutentor-gallery-item-wrap\"><div class=\"gutentor-single-item-image-box\"><div class=\"gutentor-image-thumb\"><img loading=\"lazy\" decoding=\"async\" class=\"normal-image\" src=\"https:\/\/www.sgreiner-immobilien.de\/content\/wp-content\/uploads\/2025\/04\/e7a2c2dd-cfcd-4d06-9415-568f5f409e1a-1863419706.jpg\" alt=\"\" height=\"830\" width=\"623\"\/><\/div><\/div><div class=\"gutentor-single-item-content\"><div class=\"gutentor-gallery-item-header\"><a href=\"https:\/\/www.sgreiner-immobilien.de\/content\/wp-content\/uploads\/2025\/04\/e7a2c2dd-cfcd-4d06-9415-568f5f409e1a-1863419706.jpg\" class=\"image-gallery\"><i class=\"gallery-icon fas fa-search\"><\/i><\/a><\/div><div class=\"gutentor-gallery-item-desc\"><\/div><\/div><\/div><\/div><\/div><div class=\"gutentor-gallery-item grid-lg-4 grid-md-4 grid-6\"><div class=\"gutentor-single-item gutentor-image gutentor-single-item-4\"><div class=\"gutentor-gallery-item-wrap\"><div class=\"gutentor-single-item-image-box\"><div class=\"gutentor-image-thumb\"><img loading=\"lazy\" decoding=\"async\" class=\"normal-image\" src=\"https:\/\/www.sgreiner-immobilien.de\/content\/wp-content\/uploads\/2025\/04\/edc438b6-df32-44c7-9c72-e126b07e0a83-1863419642.jpg\" alt=\"\" height=\"830\" width=\"623\"\/><\/div><\/div><div class=\"gutentor-single-item-content\"><div class=\"gutentor-gallery-item-header\"><a href=\"https:\/\/www.sgreiner-immobilien.de\/content\/wp-content\/uploads\/2025\/04\/edc438b6-df32-44c7-9c72-e126b07e0a83-1863419642.jpg\" class=\"image-gallery\"><i class=\"gallery-icon fas fa-search\"><\/i><\/a><\/div><div class=\"gutentor-gallery-item-desc\"><\/div><\/div><\/div><\/div><\/div><div class=\"gutentor-gallery-item grid-lg-4 grid-md-4 grid-6\"><div class=\"gutentor-single-item gutentor-image gutentor-single-item-5\"><div class=\"gutentor-gallery-item-wrap\"><div class=\"gutentor-single-item-image-box\"><div class=\"gutentor-image-thumb\"><img loading=\"lazy\" decoding=\"async\" class=\"normal-image\" src=\"https:\/\/www.sgreiner-immobilien.de\/content\/wp-content\/uploads\/2025\/04\/3f3a51c5-45dd-4c47-bc60-ace82968c24a-1863419970.jpg\" alt=\"\" height=\"830\" width=\"623\"\/><\/div><\/div><div class=\"gutentor-single-item-content\"><div class=\"gutentor-gallery-item-header\"><a href=\"https:\/\/www.sgreiner-immobilien.de\/content\/wp-content\/uploads\/2025\/04\/3f3a51c5-45dd-4c47-bc60-ace82968c24a-1863419970.jpg\" class=\"image-gallery\"><i class=\"gallery-icon fas fa-search\"><\/i><\/a><\/div><div class=\"gutentor-gallery-item-desc\"><\/div><\/div><\/div><\/div><\/div><\/div><\/div><\/section>\n<\/div><\/div>\n<\/div><\/div><\/section>\n\n\n\n<section id=\"gmdefcb54\" class=\"wp-block-gutentor-m4 section-gmdefcb54 gutentor-module gutentor-advanced-columns\"><div class=\"grid-container\"><div class=\"grid-row\">\n<div id=\"col-gm080a18\" class=\"wp-block-gutentor-m4-col col-gm080a18 gutentor-single-column  grid-lg-12 grid-md-12 grid-12\"><div id=\"section-gm080a18\" class=\"section-gm080a18 gutentor-col-wrap\">\n<div id=\"section-gd95c34\" class=\"wp-block-gutentor-e1 section-gd95c34 gutentor-element gutentor-element-advanced-text\"><div class=\"gutentor-text-wrap\"><p class=\"gutentor-text\"><strong>Objektbeschreibung:<\/strong><br>In einzigartiger zentraler und dennoch ruhiger Lage befindet sich das sehr gepflegte Mehrfamilienhaus. An dem Haus wurden in den letzten Jahren umfangreiche, sowie kostspielige Sanierungs-Modernisierungs- und Renovierungsarbeiten vorgenommen.<br><br><strong>Ausstattung:<\/strong><br>Einzigartige Lage<br>Sehr gute Mieteinnahmen<br>7 Mietswohnungen<br>Neue Heizungsanlage 2023<br>Gro\u00dfes Grundst\u00fcck<br>Top Zustand<br>Elektrik 2009 erneuert<br>komplett entkernt und saniert 2009<br>Einbauk\u00fcchen in den Wohnungen<br><br><strong>Lage:<\/strong><br>Niederursel liegt am Unterlauf des Urselbachs, einem Zufluss der Nidda im Nordwesten Frankfurts. Im Osten grenzt Niederursel  an die Stadtteile Eschersheim und Heddernheim. Auch viele Schulformen sind in Niederursel zu finden. An den \u00d6ffentlichen Nahverkehr ist Niederursel durch die Linien U3, U8 und U9 der Frankfurter U-Bahn angeschlossen. Die Haltestelle \u201eWiesenau\u201c ist in 3 Minuten fu\u00dfl\u00e4ufig erreichbar. Die Autobahnanschl\u00fcsse A661, A5 und A66 sind wenige Autominuten entfernt.<br><br>Niederursel liegt im Nordwesten der Mainmetropole Frankfurt. Dieser gem\u00fctliche Stadtteil bietet verschiedene Einkaufsm\u00f6glichkeiten, kleine Caf\u00e9s und Restaurants. Unweit befindet sich der Martin-Luther-King-Park. Auch die Europ\u00e4ische<br>Schule ist gut zu erreichen und mit dem Bus ca. 5 Minuten entfernt. Die gute Anbindung an die \u00f6ffentlichen Verkehrsmittel bringt Sie schnell an Ihr Ziel. Das Nordwest Zentrum, ein sehr beliebtes Einkaufscenter, ist nur ca. 10 Minuten mit der U-Bahn entfernt.<\/p><\/div><\/div>\n\n\n\n<div id=\"section-g3c8372\" class=\"wp-block-gutentor-e1 section-g3c8372 gutentor-element gutentor-element-advanced-text\"><div class=\"gutentor-text-wrap\"><h4 class=\"gutentor-text\"><br>Objektdaten <br>Krautgartenweg xx, 60439 Frankfurt <br>Fl\u00e4che: 254 m\u00b2<br>Kaufpreis: ab 1.300.000,00 \u20ac<br><\/h4><\/div><\/div>\n<\/div><\/div>\n<\/div><\/div><\/section>\n\n\n\n<section id=\"gm22b08de\" class=\"wp-block-gutentor-m4 section-gm22b08de gutentor-module gutentor-advanced-columns has-color-bg has-custom-bg\"><div class=\"grid-container\"><div class=\"grid-row\">\n<div id=\"col-gmf9ca4f\" class=\"wp-block-gutentor-m4-col col-gmf9ca4f gutentor-single-column  grid-lg-12 grid-md-12 grid-12\"><div id=\"section-gmf9ca4f\" class=\"section-gmf9ca4f gutentor-col-wrap\">\n<div id=\"section-g6414a0\" class=\"wp-block-gutentor-e1 section-g6414a0 gutentor-element gutentor-element-advanced-text text-align-center-desktop\"><div class=\"gutentor-text-wrap\"><h2 class=\"gutentor-text\">Interesse an diesem Objekt?<\/h2><\/div><\/div>\n\n\n\n<div id=\"section-gaac467\" class=\"wp-block-gutentor-e1 section-gaac467 gutentor-element gutentor-element-advanced-text text-align-center-desktop\"><div class=\"gutentor-text-wrap\"><p class=\"gutentor-text\">Gerne informieren wir Sie \u00fcber Details und vereinbaren einen Besichtigungstermin:<\/p><\/div><\/div>\n\n\n\n<section id=\"gm6f553f7\" class=\"wp-block-gutentor-m4 section-gm6f553f7 gutentor-module gutentor-advanced-columns\"><div class=\"grid-container\"><div class=\"grid-row\">\n<div id=\"col-gm97b0fb\" class=\"wp-block-gutentor-m4-col col-gm97b0fb gutentor-single-column  grid-lg-6 grid-md-12 grid-12\"><div id=\"section-gm97b0fb\" class=\"section-gm97b0fb gutentor-col-wrap\">\n<div id=\"section-g6c389c\" class=\"wp-block-gutentor-e2 section-g6c389c gutentor-element gutentor-element-button button-align-center-desktop\"><span class=\"gutentor-button-wrap\"><a class=\"gutentor-button gutentor-block-button gutentor-icon-before\" href=\"tel:\/\/06102320611\"><i class=\"gutentor-button-icon fas fa-phone\"><\/i><span>06102 \/ 32 06 11<\/span><\/a><\/span><\/div>\n<\/div><\/div>\n\n\n\n<div id=\"col-gm83f8e3\" class=\"wp-block-gutentor-m4-col col-gm83f8e3 gutentor-single-column  grid-lg-6 grid-md-12 grid-12\"><div id=\"section-gm83f8e3\" class=\"section-gm83f8e3 gutentor-col-wrap\">\n<div id=\"section-g7c481b\" class=\"wp-block-gutentor-e2 section-g7c481b gutentor-element gutentor-element-button\"><span class=\"gutentor-button-wrap\"><a class=\"gutentor-button gutentor-block-button gutentor-icon-before\" href=\"mailto:info@sgreiner-immobilien.de\"><i class=\"gutentor-button-icon fas fa-envelope\"><\/i><span>info@sgreiner-immobilien.de<\/span><\/a><\/span><\/div>\n<\/div><\/div>\n<\/div><\/div><\/section>\n\n\n\n<div id=\"section-g6db7dd\" class=\"wp-block-gutentor-e1 section-g6db7dd gutentor-element gutentor-element-advanced-text text-align-center-desktop\"><div class=\"gutentor-text-wrap\"><h4 class=\"gutentor-text\"><a href=\"https:\/\/www.sgreiner-immobilien.de\/content\/objekte\/\">Mehr Immobilienobjekte anzeigen<\/a><\/h4><\/div><\/div>\n<\/div><\/div>\n<\/div><\/div><\/section>\n","protected":false},"excerpt":{"rendered":"","protected":false},"author":1,"featured_media":0,"parent":0,"menu_order":0,"comment_status":"closed","ping_status":"closed","template":"template-gutentor-full-width.php","meta":{"footnotes":""},"class_list":["post-1501","page","type-page","status-publish","hentry"],"_links":{"self":[{"href":"https:\/\/www.sgreiner-immobilien.de\/content\/wp-json\/wp\/v2\/pages\/1501","targetHints":{"allow":["GET"]}}],"collection":[{"href":"https:\/\/www.sgreiner-immobilien.de\/content\/wp-json\/wp\/v2\/pages"}],"about":[{"href":"https:\/\/www.sgreiner-immobilien.de\/content\/wp-json\/wp\/v2\/types\/page"}],"author":[{"embeddable":true,"href":"https:\/\/www.sgreiner-immobilien.de\/content\/wp-json\/wp\/v2\/users\/1"}],"replies":[{"embeddable":true,"href":"https:\/\/www.sgreiner-immobilien.de\/content\/wp-json\/wp\/v2\/comments?post=1501"}],"version-history":[{"count":3,"href":"https:\/\/www.sgreiner-immobilien.de\/content\/wp-json\/wp\/v2\/pages\/1501\/revisions"}],"predecessor-version":[{"id":1538,"href":"https:\/\/www.sgreiner-immobilien.de\/content\/wp-json\/wp\/v2\/pages\/1501\/revisions\/1538"}],"wp:attachment":[{"href":"https:\/\/www.sgreiner-immobilien.de\/content\/wp-json\/wp\/v2\/media?parent=1501"}],"curies":[{"name":"wp","href":"https:\/\/api.w.org\/{rel}","templated":true}]}}