{"id":1478,"date":"2024-10-08T15:39:16","date_gmt":"2024-10-08T13:39:16","guid":{"rendered":"https:\/\/www.sgreiner-immobilien.de\/content\/?page_id=1478"},"modified":"2024-10-08T15:44:28","modified_gmt":"2024-10-08T13:44:28","slug":"einzigartiges-sehr-grosszuegiges-grundstueck-in-schwalbach-am-taunus","status":"publish","type":"page","link":"https:\/\/www.sgreiner-immobilien.de\/content\/einzigartiges-sehr-grosszuegiges-grundstueck-in-schwalbach-am-taunus\/","title":{"rendered":"Einzigartiges, sehr gro\u00dfz\u00fcgiges Grundst\u00fcck in Schwalbach am Taunus"},"content":{"rendered":"\n<div id=\"section-g67cf96\" class=\"wp-block-gutentor-e6 section-g67cf96 gutentor-element gutentor-element-image\"><div class=\"gutentor-element-image-box\"><div class=\"gutentor-bg-image\"><\/div><\/div><\/div>\n\n\n\n<section id=\"gm61eb175\" class=\"wp-block-gutentor-m4 section-gm61eb175 gutentor-module gutentor-advanced-columns has-image-bg has-custom-bg\"><div class=\"grid-container\"><div class=\"grid-row\">\n<div id=\"col-gma6d5ef\" class=\"wp-block-gutentor-m4-col col-gma6d5ef gutentor-single-column  grid-lg-12 grid-md-12 grid-12\"><div id=\"section-gma6d5ef\" class=\"section-gma6d5ef gutentor-col-wrap\">\n<div id=\"section-g731064\" class=\"wp-block-gutentor-e1 section-g731064 gutentor-element gutentor-element-advanced-text\"><div class=\"gutentor-text-wrap\"><h2 class=\"gutentor-text\">Einzigartiges, sehr gro\u00dfz\u00fcgiges Grundst\u00fcck in Schwalbach am Taunus<\/h2><\/div><\/div>\n<\/div><\/div>\n<\/div><\/div><\/section>\n\n\n\n<section id=\"section-0b96129d-4223-4a39-98d6-138e674e260e\" class=\"wp-block-gutentor-gallery gutentor-section gutentor-gallery gutentor-gallery-wrapper enable-masonry gallery-template2\"><div class=\"grid-container\"><div class=\"grid-row gutentor-grid-item-wrap full-width-row\"><div class=\"gutentor-gallery-item grid-lg-4 grid-md-4 grid-6\"><div class=\"gutentor-single-item gutentor-image gutentor-single-item-0\"><div class=\"gutentor-gallery-item-wrap\"><div class=\"gutentor-single-item-image-box\"><div class=\"gutentor-image-thumb\"><img loading=\"lazy\" decoding=\"async\" class=\"normal-image\" src=\"https:\/\/www.sgreiner-immobilien.de\/content\/wp-content\/uploads\/2024\/10\/schwalbach1.jpg\" alt=\"\" height=\"492\" width=\"413\"\/><\/div><\/div><div class=\"gutentor-single-item-content\"><div class=\"gutentor-gallery-item-header\"><a href=\"https:\/\/www.sgreiner-immobilien.de\/content\/wp-content\/uploads\/2024\/10\/schwalbach1.jpg\" class=\"image-gallery\"><i class=\"gallery-icon fas fa-search\"><\/i><\/a><\/div><div class=\"gutentor-gallery-item-desc\"><\/div><\/div><\/div><\/div><\/div><div class=\"gutentor-gallery-item grid-lg-4 grid-md-4 grid-6\"><div class=\"gutentor-single-item gutentor-image gutentor-single-item-1\"><div class=\"gutentor-gallery-item-wrap\"><div class=\"gutentor-single-item-image-box\"><div class=\"gutentor-image-thumb\"><img loading=\"lazy\" decoding=\"async\" class=\"normal-image\" src=\"https:\/\/www.sgreiner-immobilien.de\/content\/wp-content\/uploads\/2024\/10\/schwalbach2.jpg\" alt=\"\" height=\"492\" width=\"419\"\/><\/div><\/div><div class=\"gutentor-single-item-content\"><div class=\"gutentor-gallery-item-header\"><a href=\"https:\/\/www.sgreiner-immobilien.de\/content\/wp-content\/uploads\/2024\/10\/schwalbach2.jpg\" class=\"image-gallery\"><i class=\"gallery-icon fas fa-search\"><\/i><\/a><\/div><div class=\"gutentor-gallery-item-desc\"><\/div><\/div><\/div><\/div><\/div><div class=\"gutentor-gallery-item grid-lg-4 grid-md-4 grid-6\"><div class=\"gutentor-single-item gutentor-image gutentor-single-item-2\"><div class=\"gutentor-gallery-item-wrap\"><div class=\"gutentor-single-item-image-box\"><div class=\"gutentor-image-thumb\"><img loading=\"lazy\" decoding=\"async\" class=\"normal-image\" src=\"https:\/\/www.sgreiner-immobilien.de\/content\/wp-content\/uploads\/2024\/10\/schwalbach3.jpg\" alt=\"\" height=\"492\" width=\"419\"\/><\/div><\/div><div class=\"gutentor-single-item-content\"><div class=\"gutentor-gallery-item-header\"><a href=\"https:\/\/www.sgreiner-immobilien.de\/content\/wp-content\/uploads\/2024\/10\/schwalbach3.jpg\" class=\"image-gallery\"><i class=\"gallery-icon fas fa-search\"><\/i><\/a><\/div><div class=\"gutentor-gallery-item-desc\"><\/div><\/div><\/div><\/div><\/div><\/div><\/div><\/section>\n\n\n\n<section id=\"g-xne9x1a\" class=\"wp-block-gutentor-m4 section-g-xne9x1a gutentor-module gutentor-advanced-columns\"><div class=\"grid-container\"><div class=\"grid-row\">\n<div id=\"col-g-p1jrj16\" class=\"wp-block-gutentor-m4-col col-g-p1jrj16 gutentor-single-column  grid-lg-12 grid-md-12 grid-12\"><div id=\"section-g-p1jrj16\" class=\"section-g-p1jrj16 gutentor-col-wrap\">\n<div id=\"section-g-e1zkf7f\" class=\"wp-block-gutentor-e1 section-g-e1zkf7f gutentor-element gutentor-element-advanced-text\"><div class=\"gutentor-text-wrap\"><p class=\"gutentor-text\"><strong>Objektbeschreibung<\/strong><br>Das traumhafte Grundst\u00fcck befindet sich in absolut ruhiger und beliebter Lage von Schwalbach am Taunus. Angrenzend an Feld und Wiese. Es ist bebaubar mit zwei gro\u00dfen Doppelhaush\u00e4lften, oder mit einem Zweifamilienhaus. Das Grundst\u00fcck ist optimal nach S\u00fcdwesten ausgerichtet.<br><br>Das Grundst\u00fcck hat eine Breite von 25 m, und eine L\u00e4nge von 80 m.<br><br><strong>Das Grundst\u00fcck ist bebaubar:<\/strong><br>2 Wohnungen mit je 375 qm Wohnfl\u00e4che.<br>2 Doppelhaush\u00e4lften mit je 375 qm Wohnfl\u00e4che.<br>Keller mit 375 qm Nutzfl\u00e4che.<br>Gesamt: 1125 qm Wohn &#8211; Nutzfl\u00e4che<br><br><strong>Grundst\u00fccksfl\u00e4che:<\/strong> 2.004,00 m\u00b2<br><strong>Kaufpreis: <\/strong>1.950.000,00 EUR<br><br><strong>Lage<\/strong><br>Schwalbach liegt angrenzend an Frankfurt und den Naturpark Taunus. Schwalbach hat \u00fcber 15.000 Einwohner. Die Stadt verf\u00fcgt \u00fcber 2 S-Bahnhaltepunkte. ( Schwalbach Limes und Schwalbach Nord ) Der Frankfurter Flughafen ist in weniger als 20 Minuten mit dem Auto erreichbar. Die Autobahnen A66, sowie die Autobahn A5 sind in unmittelbarer N\u00e4he. Schulen, Kinderg\u00e4rten und Gesch\u00e4fte f\u00fcr den t\u00e4glichen Bedarf sind ohne Probleme fu\u00dfl\u00e4ufig, oder mit dem Auto zu erreichen. Schwalbach verf\u00fcgt \u00fcber ein kleines Einkaufszentrum, sowie einen beliebten Wochenmarkt am Freitag. In Schwalbach gibt es das Gymnasium Albert-Einstein-Schule, die Integrierte Gesamtschule Friedrich-Ebert-Schule sowie die Obermayr International School (Privatschule)<\/p><\/div><\/div>\n\n\n\n<div id=\"section-g-rm2zrez\" class=\"wp-block-gutentor-e1 section-g-rm2zrez gutentor-element gutentor-element-advanced-text\"><div class=\"gutentor-text-wrap\"><h3 class=\"gutentor-text\"><a href=\"https:\/\/www.sgreiner-immobilien.de\/content\/wp-content\/uploads\/2024\/10\/Expose-Schwalbach-Sossenheimer-Weg.pdf\" target=\"_blank\" rel=\"noreferrer noopener\">Download Expos\u00e9<\/a><\/h3><\/div><\/div>\n<\/div><\/div>\n<\/div><\/div><\/section>\n\n\n\n<section id=\"gm22b08de\" class=\"wp-block-gutentor-m4 section-gm22b08de gutentor-module gutentor-advanced-columns has-color-bg has-custom-bg\"><div class=\"grid-container\"><div class=\"grid-row\">\n<div id=\"col-gmf9ca4f\" class=\"wp-block-gutentor-m4-col col-gmf9ca4f gutentor-single-column  grid-lg-12 grid-md-12 grid-12\"><div id=\"section-gmf9ca4f\" class=\"section-gmf9ca4f gutentor-col-wrap\">\n<div id=\"section-g6414a0\" class=\"wp-block-gutentor-e1 section-g6414a0 gutentor-element gutentor-element-advanced-text text-align-center-desktop\"><div class=\"gutentor-text-wrap\"><h2 class=\"gutentor-text\">Interesse an diesem Objekt?<\/h2><\/div><\/div>\n\n\n\n<div id=\"section-gaac467\" class=\"wp-block-gutentor-e1 section-gaac467 gutentor-element gutentor-element-advanced-text text-align-center-desktop\"><div class=\"gutentor-text-wrap\"><p class=\"gutentor-text\">Gerne informieren wir Sie \u00fcber Details und vereinbaren einen Besichtigungstermin:<\/p><\/div><\/div>\n\n\n\n<section id=\"gm6f553f7\" class=\"wp-block-gutentor-m4 section-gm6f553f7 gutentor-module gutentor-advanced-columns\"><div class=\"grid-container\"><div class=\"grid-row\">\n<div id=\"col-gm97b0fb\" class=\"wp-block-gutentor-m4-col col-gm97b0fb gutentor-single-column  grid-lg-6 grid-md-12 grid-12\"><div id=\"section-gm97b0fb\" class=\"section-gm97b0fb gutentor-col-wrap\">\n<div id=\"section-g6c389c\" class=\"wp-block-gutentor-e2 section-g6c389c gutentor-element gutentor-element-button button-align-center-desktop\"><span class=\"gutentor-button-wrap\"><a class=\"gutentor-button gutentor-block-button gutentor-icon-before\" href=\"tel:\/\/06102320611\"><i class=\"gutentor-button-icon fas fa-phone\"><\/i><span>06102 \/ 32 06 11<\/span><\/a><\/span><\/div>\n<\/div><\/div>\n\n\n\n<div id=\"col-gm83f8e3\" class=\"wp-block-gutentor-m4-col col-gm83f8e3 gutentor-single-column  grid-lg-6 grid-md-12 grid-12\"><div id=\"section-gm83f8e3\" class=\"section-gm83f8e3 gutentor-col-wrap\">\n<div id=\"section-g7c481b\" class=\"wp-block-gutentor-e2 section-g7c481b gutentor-element gutentor-element-button\"><span class=\"gutentor-button-wrap\"><a class=\"gutentor-button gutentor-block-button gutentor-icon-before\" href=\"mailto:info@sgreiner-immobilien.de\"><i class=\"gutentor-button-icon fas fa-envelope\"><\/i><span>info@sgreiner-immobilien.de<\/span><\/a><\/span><\/div>\n<\/div><\/div>\n<\/div><\/div><\/section>\n\n\n\n<div id=\"section-g6db7dd\" class=\"wp-block-gutentor-e1 section-g6db7dd gutentor-element gutentor-element-advanced-text text-align-center-desktop\"><div class=\"gutentor-text-wrap\"><h4 class=\"gutentor-text\"><a href=\"https:\/\/www.sgreiner-immobilien.de\/content\/objekte\/\">Mehr Immobilienobjekte anzeigen<\/a><\/h4><\/div><\/div>\n<\/div><\/div>\n<\/div><\/div><\/section>\n","protected":false},"excerpt":{"rendered":"","protected":false},"author":1,"featured_media":0,"parent":0,"menu_order":0,"comment_status":"closed","ping_status":"closed","template":"template-gutentor-full-width.php","meta":{"footnotes":""},"class_list":["post-1478","page","type-page","status-publish","hentry"],"_links":{"self":[{"href":"https:\/\/www.sgreiner-immobilien.de\/content\/wp-json\/wp\/v2\/pages\/1478","targetHints":{"allow":["GET"]}}],"collection":[{"href":"https:\/\/www.sgreiner-immobilien.de\/content\/wp-json\/wp\/v2\/pages"}],"about":[{"href":"https:\/\/www.sgreiner-immobilien.de\/content\/wp-json\/wp\/v2\/types\/page"}],"author":[{"embeddable":true,"href":"https:\/\/www.sgreiner-immobilien.de\/content\/wp-json\/wp\/v2\/users\/1"}],"replies":[{"embeddable":true,"href":"https:\/\/www.sgreiner-immobilien.de\/content\/wp-json\/wp\/v2\/comments?post=1478"}],"version-history":[{"count":2,"href":"https:\/\/www.sgreiner-immobilien.de\/content\/wp-json\/wp\/v2\/pages\/1478\/revisions"}],"predecessor-version":[{"id":1512,"href":"https:\/\/www.sgreiner-immobilien.de\/content\/wp-json\/wp\/v2\/pages\/1478\/revisions\/1512"}],"wp:attachment":[{"href":"https:\/\/www.sgreiner-immobilien.de\/content\/wp-json\/wp\/v2\/media?parent=1478"}],"curies":[{"name":"wp","href":"https:\/\/api.w.org\/{rel}","templated":true}]}}