{"id":1427,"date":"2024-04-15T15:46:43","date_gmt":"2024-04-15T13:46:43","guid":{"rendered":"https:\/\/www.sgreiner-immobilien.de\/content\/?page_id=1427"},"modified":"2024-04-15T16:18:10","modified_gmt":"2024-04-15T14:18:10","slug":"grosszuegiges-anwesen-auf-parkaehnlichem-grundstueck-mit-ausbaupotenzial-in-dietzenbach-steinberg","status":"publish","type":"page","link":"https:\/\/www.sgreiner-immobilien.de\/content\/grosszuegiges-anwesen-auf-parkaehnlichem-grundstueck-mit-ausbaupotenzial-in-dietzenbach-steinberg\/","title":{"rendered":"Gro\u00dfz\u00fcgiges Anwesen auf park\u00e4hnlichem Grundst\u00fcck mit Ausbaupotenzial in Dietzenbach Steinberg"},"content":{"rendered":"\n<div id=\"section-ga160ef\" class=\"wp-block-gutentor-e6 section-ga160ef gutentor-element gutentor-element-image\"><div class=\"gutentor-element-image-box\"><div class=\"gutentor-bg-image\"><\/div><\/div><\/div>\n\n\n\n<section id=\"gm67e3365\" class=\"wp-block-gutentor-m4 section-gm67e3365 gutentor-module gutentor-advanced-columns has-image-bg has-custom-bg\"><div class=\"grid-container\"><div class=\"grid-row\">\n<div id=\"col-gmd47779\" class=\"wp-block-gutentor-m4-col col-gmd47779 gutentor-single-column  grid-lg-12 grid-md-12 grid-12\"><div id=\"section-gmd47779\" class=\"section-gmd47779 gutentor-col-wrap\">\n<div id=\"section-g798f29\" class=\"wp-block-gutentor-e1 section-g798f29 gutentor-element gutentor-element-advanced-text\"><div class=\"gutentor-text-wrap\"><h2 class=\"gutentor-text\">Gro\u00dfz\u00fcgiges Anwesen auf park\u00e4hnlichem Grundst\u00fcck mit Ausbaupotenzial in Dietzenbach Steinberg<\/h2><\/div><\/div>\n<\/div><\/div>\n<\/div><\/div><\/section>\n\n\n\n<section id=\"section-c70549b3-c19f-454a-a446-1c035f319f2e\" class=\"wp-block-gutentor-gallery gutentor-section gutentor-gallery gutentor-gallery-wrapper enable-masonry gallery-template2\"><div class=\"grid-container\"><div class=\"grid-row gutentor-grid-item-wrap full-width-row\"><div class=\"gutentor-gallery-item grid-lg-2m3 grid-md-4 grid-6\"><div class=\"gutentor-single-item gutentor-image gutentor-single-item-0\"><div class=\"gutentor-gallery-item-wrap\"><div class=\"gutentor-single-item-image-box\"><div class=\"gutentor-image-thumb\"><img loading=\"lazy\" decoding=\"async\" class=\"normal-image\" src=\"https:\/\/www.sgreiner-immobilien.de\/content\/wp-content\/uploads\/2024\/04\/d54ff239-f218-4928-8eaa-bcfe8f42b653-1771120173.jpg\" alt=\"\" height=\"830\" width=\"1015\"\/><\/div><\/div><div class=\"gutentor-single-item-content\"><div class=\"gutentor-gallery-item-header\"><a href=\"https:\/\/www.sgreiner-immobilien.de\/content\/wp-content\/uploads\/2024\/04\/d54ff239-f218-4928-8eaa-bcfe8f42b653-1771120173.jpg\" class=\"image-gallery\"><i class=\"gallery-icon fas fa-search\"><\/i><\/a><\/div><div class=\"gutentor-gallery-item-desc\"><\/div><\/div><\/div><\/div><\/div><div class=\"gutentor-gallery-item grid-lg-2m3 grid-md-4 grid-6\"><div class=\"gutentor-single-item gutentor-image gutentor-single-item-1\"><div class=\"gutentor-gallery-item-wrap\"><div class=\"gutentor-single-item-image-box\"><div class=\"gutentor-image-thumb\"><img loading=\"lazy\" decoding=\"async\" class=\"normal-image\" src=\"https:\/\/www.sgreiner-immobilien.de\/content\/wp-content\/uploads\/2024\/04\/08c08cb5-2b69-45d9-a60e-7a56f00f6d24-1771118642.jpg\" alt=\"\" height=\"830\" width=\"622\"\/><\/div><\/div><div class=\"gutentor-single-item-content\"><div class=\"gutentor-gallery-item-header\"><a href=\"https:\/\/www.sgreiner-immobilien.de\/content\/wp-content\/uploads\/2024\/04\/08c08cb5-2b69-45d9-a60e-7a56f00f6d24-1771118642.jpg\" class=\"image-gallery\"><i class=\"gallery-icon fas fa-search\"><\/i><\/a><\/div><div class=\"gutentor-gallery-item-desc\"><\/div><\/div><\/div><\/div><\/div><div class=\"gutentor-gallery-item grid-lg-2m3 grid-md-4 grid-6\"><div class=\"gutentor-single-item gutentor-image gutentor-single-item-2\"><div class=\"gutentor-gallery-item-wrap\"><div class=\"gutentor-single-item-image-box\"><div class=\"gutentor-image-thumb\"><img loading=\"lazy\" decoding=\"async\" class=\"normal-image\" src=\"https:\/\/www.sgreiner-immobilien.de\/content\/wp-content\/uploads\/2024\/04\/33f382ad-238c-4d83-b2fd-6549b6d5c217-1771118925.jpg\" alt=\"\" height=\"830\" width=\"622\"\/><\/div><\/div><div class=\"gutentor-single-item-content\"><div class=\"gutentor-gallery-item-header\"><a href=\"https:\/\/www.sgreiner-immobilien.de\/content\/wp-content\/uploads\/2024\/04\/33f382ad-238c-4d83-b2fd-6549b6d5c217-1771118925.jpg\" class=\"image-gallery\"><i class=\"gallery-icon fas fa-search\"><\/i><\/a><\/div><div class=\"gutentor-gallery-item-desc\"><\/div><\/div><\/div><\/div><\/div><div class=\"gutentor-gallery-item grid-lg-2m3 grid-md-4 grid-6\"><div class=\"gutentor-single-item gutentor-image gutentor-single-item-3\"><div class=\"gutentor-gallery-item-wrap\"><div class=\"gutentor-single-item-image-box\"><div class=\"gutentor-image-thumb\"><img loading=\"lazy\" decoding=\"async\" class=\"normal-image\" src=\"https:\/\/www.sgreiner-immobilien.de\/content\/wp-content\/uploads\/2024\/04\/57bae652-2cb4-4467-a035-7e091b293ec7-1771120246.jpg\" alt=\"\" height=\"830\" width=\"622\"\/><\/div><\/div><div class=\"gutentor-single-item-content\"><div class=\"gutentor-gallery-item-header\"><a href=\"https:\/\/www.sgreiner-immobilien.de\/content\/wp-content\/uploads\/2024\/04\/57bae652-2cb4-4467-a035-7e091b293ec7-1771120246.jpg\" class=\"image-gallery\"><i class=\"gallery-icon fas fa-search\"><\/i><\/a><\/div><div class=\"gutentor-gallery-item-desc\"><\/div><\/div><\/div><\/div><\/div><div class=\"gutentor-gallery-item grid-lg-2m3 grid-md-4 grid-6\"><div class=\"gutentor-single-item gutentor-image gutentor-single-item-4\"><div class=\"gutentor-gallery-item-wrap\"><div class=\"gutentor-single-item-image-box\"><div class=\"gutentor-image-thumb\"><img loading=\"lazy\" decoding=\"async\" class=\"normal-image\" src=\"https:\/\/www.sgreiner-immobilien.de\/content\/wp-content\/uploads\/2024\/04\/84bdd0d7-2d2e-41ee-96ab-a299a12725b8-1771118965.jpg\" alt=\"\" height=\"830\" width=\"622\"\/><\/div><\/div><div class=\"gutentor-single-item-content\"><div class=\"gutentor-gallery-item-header\"><a href=\"https:\/\/www.sgreiner-immobilien.de\/content\/wp-content\/uploads\/2024\/04\/84bdd0d7-2d2e-41ee-96ab-a299a12725b8-1771118965.jpg\" class=\"image-gallery\"><i class=\"gallery-icon fas fa-search\"><\/i><\/a><\/div><div class=\"gutentor-gallery-item-desc\"><\/div><\/div><\/div><\/div><\/div><div class=\"gutentor-gallery-item grid-lg-2m3 grid-md-4 grid-6\"><div class=\"gutentor-single-item gutentor-image gutentor-single-item-5\"><div class=\"gutentor-gallery-item-wrap\"><div class=\"gutentor-single-item-image-box\"><div class=\"gutentor-image-thumb\"><img loading=\"lazy\" decoding=\"async\" class=\"normal-image\" src=\"https:\/\/www.sgreiner-immobilien.de\/content\/wp-content\/uploads\/2024\/04\/0373c70f-192f-4fa8-bd07-d0ab859de30c-1771118604.jpg\" alt=\"\" height=\"830\" width=\"622\"\/><\/div><\/div><div class=\"gutentor-single-item-content\"><div class=\"gutentor-gallery-item-header\"><a href=\"https:\/\/www.sgreiner-immobilien.de\/content\/wp-content\/uploads\/2024\/04\/0373c70f-192f-4fa8-bd07-d0ab859de30c-1771118604.jpg\" class=\"image-gallery\"><i class=\"gallery-icon fas fa-search\"><\/i><\/a><\/div><div class=\"gutentor-gallery-item-desc\"><\/div><\/div><\/div><\/div><\/div><div class=\"gutentor-gallery-item grid-lg-2m3 grid-md-4 grid-6\"><div class=\"gutentor-single-item gutentor-image gutentor-single-item-6\"><div class=\"gutentor-gallery-item-wrap\"><div class=\"gutentor-single-item-image-box\"><div class=\"gutentor-image-thumb\"><img loading=\"lazy\" decoding=\"async\" class=\"normal-image\" src=\"https:\/\/www.sgreiner-immobilien.de\/content\/wp-content\/uploads\/2024\/04\/682c6648-5de1-4720-ae64-d3ef2a191494-1771120519.jpg\" alt=\"\" height=\"830\" width=\"622\"\/><\/div><\/div><div class=\"gutentor-single-item-content\"><div class=\"gutentor-gallery-item-header\"><a href=\"https:\/\/www.sgreiner-immobilien.de\/content\/wp-content\/uploads\/2024\/04\/682c6648-5de1-4720-ae64-d3ef2a191494-1771120519.jpg\" class=\"image-gallery\"><i class=\"gallery-icon fas fa-search\"><\/i><\/a><\/div><div class=\"gutentor-gallery-item-desc\"><\/div><\/div><\/div><\/div><\/div><div class=\"gutentor-gallery-item grid-lg-2m3 grid-md-4 grid-6\"><div class=\"gutentor-single-item gutentor-image gutentor-single-item-7\"><div class=\"gutentor-gallery-item-wrap\"><div class=\"gutentor-single-item-image-box\"><div class=\"gutentor-image-thumb\"><img loading=\"lazy\" decoding=\"async\" class=\"normal-image\" src=\"https:\/\/www.sgreiner-immobilien.de\/content\/wp-content\/uploads\/2024\/04\/840c19b2-479e-4201-ad1a-09cfb7843536-1771120376.jpg\" alt=\"\" height=\"830\" width=\"622\"\/><\/div><\/div><div class=\"gutentor-single-item-content\"><div class=\"gutentor-gallery-item-header\"><a href=\"https:\/\/www.sgreiner-immobilien.de\/content\/wp-content\/uploads\/2024\/04\/840c19b2-479e-4201-ad1a-09cfb7843536-1771120376.jpg\" class=\"image-gallery\"><i class=\"gallery-icon fas fa-search\"><\/i><\/a><\/div><div class=\"gutentor-gallery-item-desc\"><\/div><\/div><\/div><\/div><\/div><div class=\"gutentor-gallery-item grid-lg-2m3 grid-md-4 grid-6\"><div class=\"gutentor-single-item gutentor-image gutentor-single-item-8\"><div class=\"gutentor-gallery-item-wrap\"><div class=\"gutentor-single-item-image-box\"><div class=\"gutentor-image-thumb\"><img loading=\"lazy\" decoding=\"async\" class=\"normal-image\" src=\"https:\/\/www.sgreiner-immobilien.de\/content\/wp-content\/uploads\/2024\/04\/924e6058-ea78-45b8-b96f-4dcb15598115-1771118470.jpg\" alt=\"\" height=\"830\" width=\"622\"\/><\/div><\/div><div class=\"gutentor-single-item-content\"><div class=\"gutentor-gallery-item-header\"><a href=\"https:\/\/www.sgreiner-immobilien.de\/content\/wp-content\/uploads\/2024\/04\/924e6058-ea78-45b8-b96f-4dcb15598115-1771118470.jpg\" class=\"image-gallery\"><i class=\"gallery-icon fas fa-search\"><\/i><\/a><\/div><div class=\"gutentor-gallery-item-desc\"><\/div><\/div><\/div><\/div><\/div><div class=\"gutentor-gallery-item grid-lg-2m3 grid-md-4 grid-6\"><div class=\"gutentor-single-item gutentor-image gutentor-single-item-9\"><div class=\"gutentor-gallery-item-wrap\"><div class=\"gutentor-single-item-image-box\"><div class=\"gutentor-image-thumb\"><img loading=\"lazy\" decoding=\"async\" class=\"normal-image\" src=\"https:\/\/www.sgreiner-immobilien.de\/content\/wp-content\/uploads\/2024\/04\/b7e924d8-d62a-4f29-8b46-1c7e77558688-1771118689.jpg\" alt=\"\" height=\"830\" width=\"622\"\/><\/div><\/div><div class=\"gutentor-single-item-content\"><div class=\"gutentor-gallery-item-header\"><a href=\"https:\/\/www.sgreiner-immobilien.de\/content\/wp-content\/uploads\/2024\/04\/b7e924d8-d62a-4f29-8b46-1c7e77558688-1771118689.jpg\" class=\"image-gallery\"><i class=\"gallery-icon fas fa-search\"><\/i><\/a><\/div><div class=\"gutentor-gallery-item-desc\"><\/div><\/div><\/div><\/div><\/div><div class=\"gutentor-gallery-item grid-lg-2m3 grid-md-4 grid-6\"><div class=\"gutentor-single-item gutentor-image gutentor-single-item-10\"><div class=\"gutentor-gallery-item-wrap\"><div class=\"gutentor-single-item-image-box\"><div class=\"gutentor-image-thumb\"><img loading=\"lazy\" decoding=\"async\" class=\"normal-image\" src=\"https:\/\/www.sgreiner-immobilien.de\/content\/wp-content\/uploads\/2024\/04\/be19f008-ef6a-4976-b564-49e8c03a281c-1771120284.jpg\" alt=\"\" height=\"830\" width=\"622\"\/><\/div><\/div><div class=\"gutentor-single-item-content\"><div class=\"gutentor-gallery-item-header\"><a href=\"https:\/\/www.sgreiner-immobilien.de\/content\/wp-content\/uploads\/2024\/04\/be19f008-ef6a-4976-b564-49e8c03a281c-1771120284.jpg\" class=\"image-gallery\"><i class=\"gallery-icon fas fa-search\"><\/i><\/a><\/div><div class=\"gutentor-gallery-item-desc\"><\/div><\/div><\/div><\/div><\/div><div class=\"gutentor-gallery-item grid-lg-2m3 grid-md-4 grid-6\"><div class=\"gutentor-single-item gutentor-image gutentor-single-item-11\"><div class=\"gutentor-gallery-item-wrap\"><div class=\"gutentor-single-item-image-box\"><div class=\"gutentor-image-thumb\"><img loading=\"lazy\" decoding=\"async\" class=\"normal-image\" src=\"https:\/\/www.sgreiner-immobilien.de\/content\/wp-content\/uploads\/2024\/04\/c6858f65-2133-446e-86d3-8fa9936a123f-1771120332.jpg\" alt=\"\" height=\"830\" width=\"622\"\/><\/div><\/div><div class=\"gutentor-single-item-content\"><div class=\"gutentor-gallery-item-header\"><a href=\"https:\/\/www.sgreiner-immobilien.de\/content\/wp-content\/uploads\/2024\/04\/c6858f65-2133-446e-86d3-8fa9936a123f-1771120332.jpg\" class=\"image-gallery\"><i class=\"gallery-icon fas fa-search\"><\/i><\/a><\/div><div class=\"gutentor-gallery-item-desc\"><\/div><\/div><\/div><\/div><\/div><div class=\"gutentor-gallery-item grid-lg-2m3 grid-md-4 grid-6\"><div class=\"gutentor-single-item gutentor-image gutentor-single-item-12\"><div class=\"gutentor-gallery-item-wrap\"><div class=\"gutentor-single-item-image-box\"><div class=\"gutentor-image-thumb\"><img loading=\"lazy\" decoding=\"async\" class=\"normal-image\" src=\"https:\/\/www.sgreiner-immobilien.de\/content\/wp-content\/uploads\/2024\/04\/d0acdd21-0596-4ec5-8a88-4bd16529a07e-1771127789.jpg\" alt=\"\" height=\"830\" width=\"622\"\/><\/div><\/div><div class=\"gutentor-single-item-content\"><div class=\"gutentor-gallery-item-header\"><a href=\"https:\/\/www.sgreiner-immobilien.de\/content\/wp-content\/uploads\/2024\/04\/d0acdd21-0596-4ec5-8a88-4bd16529a07e-1771127789.jpg\" class=\"image-gallery\"><i class=\"gallery-icon fas fa-search\"><\/i><\/a><\/div><div class=\"gutentor-gallery-item-desc\"><\/div><\/div><\/div><\/div><\/div><div class=\"gutentor-gallery-item grid-lg-2m3 grid-md-4 grid-6\"><div class=\"gutentor-single-item gutentor-image gutentor-single-item-13\"><div class=\"gutentor-gallery-item-wrap\"><div class=\"gutentor-single-item-image-box\"><div class=\"gutentor-image-thumb\"><img loading=\"lazy\" decoding=\"async\" class=\"normal-image\" src=\"https:\/\/www.sgreiner-immobilien.de\/content\/wp-content\/uploads\/2024\/04\/ddcc7c04-f758-4791-ab46-b1bda343f2c9-1771119042.jpg\" alt=\"\" height=\"830\" width=\"622\"\/><\/div><\/div><div class=\"gutentor-single-item-content\"><div class=\"gutentor-gallery-item-header\"><a href=\"https:\/\/www.sgreiner-immobilien.de\/content\/wp-content\/uploads\/2024\/04\/ddcc7c04-f758-4791-ab46-b1bda343f2c9-1771119042.jpg\" class=\"image-gallery\"><i class=\"gallery-icon fas fa-search\"><\/i><\/a><\/div><div class=\"gutentor-gallery-item-desc\"><\/div><\/div><\/div><\/div><\/div><\/div><\/div><\/section>\n\n\n\n<section id=\"gmdefcb54\" class=\"wp-block-gutentor-m4 section-gmdefcb54 gutentor-module gutentor-advanced-columns\"><div class=\"grid-container\"><div class=\"grid-row\">\n<div id=\"col-gm080a18\" class=\"wp-block-gutentor-m4-col col-gm080a18 gutentor-single-column  grid-lg-12 grid-md-12 grid-12\"><div id=\"section-gm080a18\" class=\"section-gm080a18 gutentor-col-wrap\">\n<div id=\"section-gd95c34\" class=\"wp-block-gutentor-e1 section-gd95c34 gutentor-element gutentor-element-advanced-text\"><div class=\"gutentor-text-wrap\"><p class=\"gutentor-text\">Willkommen in Ihrem neuen Zuhause. Diese zwei sch\u00f6nen Einfamilienh\u00e4user, welche miteinander verbunden wurden, haben mit einer gro\u00dfz\u00fcgigen Wohnfl\u00e4che von ca. 248 m\u00b2 ( beide H\u00e4user ) und weiteren 64 m\u00b2 Nutzfl\u00e4che im Keller viel Raum f\u00fcr all Ihre Bed\u00fcrfnisse und W\u00fcnsche. <br><br>Das erste Haus wurde im Jahr 1964 erbaut und seither kontinuierlich modernisiert.. Das Haus wurde 2008 ged\u00e4mmt. Das gro\u00dfz\u00fcgige Wohn-\/Esszimmer ist das Herzst\u00fcck des Hauses mit einer Fl\u00e4che von 45 m\u00b2, das durch einen stilvollen Kamin noch mehr Behaglichkeit erh\u00e4lt. Hier k\u00f6nnen Sie besondere Momente mit Familie und Freunden genie\u00dfen. Die praktische Einbauk\u00fcche bietet Ihnen den perfekten Raum, um Ihre kulinarischen F\u00e4higkeiten zu entfalten. <br><br>Wellness-Oase: Entspannen Sie im luxuri\u00f6sen Badezimmer, das vor wenigen Jahren um eine Whirlpool-Badewanne erweitert wurde, um Ihnen ultimatives Wohlbefinden zu bieten. Im Sommer erwartet Sie ein wunderbarer Au\u00dfenpool. Im Anbau aus dem Jahr 1994 erwartet Sie der gro\u00dfz\u00fcgige Wohnbereich mit Bar und Blick zum Au\u00dfenpool und auf die Terrasse. Die gesamte Wohnfl\u00e4che beider H\u00e4user betr\u00e4gt 248 qm. Freizeit und Erholung im eigenen Garten: Das Highlight ist der park\u00e4hnliche Garten. Genie\u00dfen Sie die warmen Tage im herrlichen Garten mit Swimmingpool, der zum Entspannen und Verweilen einl\u00e4dt. Das park\u00e4hnliche Grundst\u00fcck bietet Ihnen Raum f\u00fcr individuelle Gestaltungsm\u00f6glichkeiten und pure Lebensqualit\u00e4t. Sie erwartet ein sehr gro\u00dfer exclusiver Gartengrill und viele \u00fcberdachte Sitzm\u00f6glichkeiten f\u00fcr Gartenpartys mit Freunden und Familie. Weiterhin befindet sich auf dem Grundst\u00fcck ein Brunnen zur Bew\u00e4sserung des Gartens und des Pools. Auf dem dazugeh\u00f6rigen Seitengrundst\u00fcck besteht die M\u00f6glichkeit ein 120 qm gro\u00dfes Einfamilienhaus zu bauen. Die Baugenehmigung ist mittlerweile abgelaufen, und m\u00fcsste bei Bedarf wieder erneuert bzw. neu beantragt werden. <br><br>Vereinbaren Sie gerne einen Besichtigungstermin und lassen Sie sich von diesem besonderen Objekt, mit sehr viel Charme und Potenzial inspirieren.<\/p><\/div><\/div>\n\n\n\n<div id=\"section-g3c8372\" class=\"wp-block-gutentor-e1 section-g3c8372 gutentor-element gutentor-element-advanced-text\"><div class=\"gutentor-text-wrap\"><h4 class=\"gutentor-text\">Ausstattung:<\/h4><\/div><\/div>\n<\/div><\/div>\n<\/div><\/div><\/section>\n\n\n\n<section id=\"gm9712341\" class=\"wp-block-gutentor-m4 section-gm9712341 gutentor-module gutentor-advanced-columns\"><div class=\"grid-container\"><div class=\"grid-row\">\n<div id=\"col-gm7e2d0e\" class=\"wp-block-gutentor-m4-col col-gm7e2d0e gutentor-single-column  grid-lg-4 grid-md-12 grid-12\"><div id=\"section-gm7e2d0e\" class=\"section-gm7e2d0e gutentor-col-wrap\">\n<div id=\"section-gbe3f0d\" class=\"wp-block-gutentor-e1 section-gbe3f0d gutentor-element gutentor-element-advanced-text\"><div class=\"gutentor-text-wrap\"><p class=\"gutentor-text\"><strong>Vorderhaus: <\/strong><br>* Baujahr 1964 <br>* ca. 133 m\u00b2Wohnfl\u00e4che <br>* gro\u00dfz\u00fcgiges Wohn-\/Esszimmer <br>* Kamin <br>* gro\u00dfes Badezimmer <br>* Whirlpool-Badewanne <br>* Einbauk\u00fcche <br>* Kamin <br>* Ankleidezimmer <br>* Schlafzimmer<\/p><\/div><\/div>\n<\/div><\/div>\n\n\n\n<div id=\"col-gm6528d8\" class=\"wp-block-gutentor-m4-col col-gm6528d8 gutentor-single-column  grid-lg-4 grid-md-12 grid-12\"><div id=\"section-gm6528d8\" class=\"section-gm6528d8 gutentor-col-wrap\">\n<div id=\"section-gd3f120\" class=\"wp-block-gutentor-e1 section-gd3f120 gutentor-element gutentor-element-advanced-text\"><div class=\"gutentor-text-wrap\"><p class=\"gutentor-text\"><strong>Nebenhaus: <\/strong><br>* Baujahr 1994 <br>* ca. 115 m\u00b2 Wohnfl\u00e4che <br>* ca. 66 m\u00b2 Kellerraum <br>* G\u00e4steimmer * G\u00e4stebad <br>* Waschk\u00fcche <br>* Bar <br>* gro\u00dfes Kinderzimmer <br>* Gro\u00dfz\u00fcgiges Bad<\/p><\/div><\/div>\n<\/div><\/div>\n\n\n\n<div id=\"col-gm5cbcd2\" class=\"wp-block-gutentor-m4-col col-gm5cbcd2 gutentor-single-column  grid-lg-4 grid-md-12 grid-12\"><div id=\"section-gm5cbcd2\" class=\"section-gm5cbcd2 gutentor-col-wrap\">\n<div id=\"section-gb0e033\" class=\"wp-block-gutentor-e1 section-gb0e033 gutentor-element gutentor-element-advanced-text\"><div class=\"gutentor-text-wrap\"><p class=\"gutentor-text\"><strong>Grundst\u00fcck: <\/strong><br>* park\u00e4hnlicher Garten (S\u00fcd-Westen) <br>* Swimmingpool <br>* Garage <br>* 3 Stellpl\u00e4tze <br>* Gro\u00dfer Gartengrill <br>* Gro\u00dfer \u00fcberdachter Freisitz <br>* Gartenhaus mit K\u00fcche <br>* Brunnen <br>* Ger\u00e4teschuppen <br>* Garagenanbau<\/p><\/div><\/div>\n<\/div><\/div>\n<\/div><\/div><\/section>\n\n\n\n<section id=\"gm015f0b1\" class=\"wp-block-gutentor-m4 section-gm015f0b1 gutentor-module gutentor-advanced-columns\"><div class=\"grid-container\"><div class=\"grid-row\">\n<div id=\"col-gm585754\" class=\"wp-block-gutentor-m4-col col-gm585754 gutentor-single-column  grid-lg-12 grid-md-12 grid-12\"><div id=\"section-gm585754\" class=\"section-gm585754 gutentor-col-wrap\">\n<div id=\"section-gb13fe9\" class=\"wp-block-gutentor-e1 section-gb13fe9 gutentor-element gutentor-element-advanced-text\"><div class=\"gutentor-text-wrap\"><p class=\"gutentor-text\"><strong>Lage:&nbsp;<\/strong><br>Das Objekt befindet sich in Dietzenbach-Steinberg, in einer ruhigen und familienfreundlichen Nachbarschaft, die f\u00fcr ihre friedliche Atmosph\u00e4re und ihre N\u00e4he zur Natur bekannt ist. Dietzenbach-Steinberg bietet eine ideale Kombination aus st\u00e4dtischer Annehmlichkeit und l\u00e4ndlicher Ruhe. Das Einfamilienhaus befindet sich in einer Nebenstra\u00dfe, was f\u00fcr wenig Durchgangsverkehr und zus\u00e4tzliche Privatsph\u00e4re sorgt. Die Umgebung ist von gepflegten G\u00e4rten und Gr\u00fcnfl\u00e4chen gepr\u00e4gt und l\u00e4dt zu Spazierg\u00e4ngen und Outdoor-Aktivit\u00e4ten ein. F\u00fcr Familien mit Kindern ist die Lage besonders attraktiv, da sich in der N\u00e4he mehrere Schulen, Kinderg\u00e4rten und Spielpl\u00e4tze befinden. Einkaufsm\u00f6glichkeiten, Restaurants und \u00f6ffentliche Verkehrsmittel sind ebenfalls bequem zu Fu\u00df oder mit dem Fahrrad erreichbar. Die Anbindung an das regionale und \u00fcberregionale Verkehrsnetz ist ausgezeichnet. Die Autobahnen A3 und A661 sind nur wenige Fahrminuten entfernt, was eine schnelle Anbindung an Frankfurt am Main sowie andere umliegende St\u00e4dte gew\u00e4hrleistet. F\u00fcr Pendler bietet der nahe gelegene Bahnhof eine gute Anbindung an den \u00f6ffentlichen Nahverkehr.<br><br><strong>Kaufpreis: 1.175.000 \u20ac<\/strong><br><strong>Wohnfl\u00e4che: ca. 248 m\u00b2<br>Grundst\u00fcck: 1.247 m\u00b2<\/strong><\/p><\/div><\/div>\n<\/div><\/div>\n<\/div><\/div><\/section>\n\n\n\n<section id=\"gm22b08de\" class=\"wp-block-gutentor-m4 section-gm22b08de gutentor-module gutentor-advanced-columns has-color-bg has-custom-bg\"><div class=\"grid-container\"><div class=\"grid-row\">\n<div id=\"col-gmf9ca4f\" class=\"wp-block-gutentor-m4-col col-gmf9ca4f gutentor-single-column  grid-lg-12 grid-md-12 grid-12\"><div id=\"section-gmf9ca4f\" class=\"section-gmf9ca4f gutentor-col-wrap\">\n<div id=\"section-g6414a0\" class=\"wp-block-gutentor-e1 section-g6414a0 gutentor-element gutentor-element-advanced-text text-align-center-desktop\"><div class=\"gutentor-text-wrap\"><h2 class=\"gutentor-text\">Interesse an diesem Objekt?<\/h2><\/div><\/div>\n\n\n\n<div id=\"section-gaac467\" class=\"wp-block-gutentor-e1 section-gaac467 gutentor-element gutentor-element-advanced-text text-align-center-desktop\"><div class=\"gutentor-text-wrap\"><p class=\"gutentor-text\">Gerne informieren wir Sie \u00fcber Details und vereinbaren einen Besichtigungstermin:<\/p><\/div><\/div>\n\n\n\n<section id=\"gm6f553f7\" class=\"wp-block-gutentor-m4 section-gm6f553f7 gutentor-module gutentor-advanced-columns\"><div class=\"grid-container\"><div class=\"grid-row\">\n<div id=\"col-gm97b0fb\" class=\"wp-block-gutentor-m4-col col-gm97b0fb gutentor-single-column  grid-lg-6 grid-md-12 grid-12\"><div id=\"section-gm97b0fb\" class=\"section-gm97b0fb gutentor-col-wrap\">\n<div id=\"section-g6c389c\" class=\"wp-block-gutentor-e2 section-g6c389c gutentor-element gutentor-element-button button-align-center-desktop\"><span class=\"gutentor-button-wrap\"><a class=\"gutentor-button gutentor-block-button gutentor-icon-before\" href=\"tel:\/\/06102320611\"><i class=\"gutentor-button-icon fas fa-phone\"><\/i><span>06102 \/ 32 06 11<\/span><\/a><\/span><\/div>\n<\/div><\/div>\n\n\n\n<div id=\"col-gm83f8e3\" class=\"wp-block-gutentor-m4-col col-gm83f8e3 gutentor-single-column  grid-lg-6 grid-md-12 grid-12\"><div id=\"section-gm83f8e3\" class=\"section-gm83f8e3 gutentor-col-wrap\">\n<div id=\"section-g7c481b\" class=\"wp-block-gutentor-e2 section-g7c481b gutentor-element gutentor-element-button\"><span class=\"gutentor-button-wrap\"><a class=\"gutentor-button gutentor-block-button gutentor-icon-before\" href=\"mailto:info@sgreiner-immobilien.de\"><i class=\"gutentor-button-icon fas fa-envelope\"><\/i><span>info@sgreiner-immobilien.de<\/span><\/a><\/span><\/div>\n<\/div><\/div>\n<\/div><\/div><\/section>\n\n\n\n<div id=\"section-g6db7dd\" class=\"wp-block-gutentor-e1 section-g6db7dd gutentor-element gutentor-element-advanced-text text-align-center-desktop\"><div class=\"gutentor-text-wrap\"><h4 class=\"gutentor-text\"><a href=\"https:\/\/www.sgreiner-immobilien.de\/content\/objekte\/\">Mehr Immobilienobjekte anzeigen<\/a><\/h4><\/div><\/div>\n<\/div><\/div>\n<\/div><\/div><\/section>\n","protected":false},"excerpt":{"rendered":"","protected":false},"author":1,"featured_media":0,"parent":0,"menu_order":0,"comment_status":"closed","ping_status":"closed","template":"template-gutentor-full-width.php","meta":{"footnotes":""},"class_list":["post-1427","page","type-page","status-publish","hentry"],"_links":{"self":[{"href":"https:\/\/www.sgreiner-immobilien.de\/content\/wp-json\/wp\/v2\/pages\/1427","targetHints":{"allow":["GET"]}}],"collection":[{"href":"https:\/\/www.sgreiner-immobilien.de\/content\/wp-json\/wp\/v2\/pages"}],"about":[{"href":"https:\/\/www.sgreiner-immobilien.de\/content\/wp-json\/wp\/v2\/types\/page"}],"author":[{"embeddable":true,"href":"https:\/\/www.sgreiner-immobilien.de\/content\/wp-json\/wp\/v2\/users\/1"}],"replies":[{"embeddable":true,"href":"https:\/\/www.sgreiner-immobilien.de\/content\/wp-json\/wp\/v2\/comments?post=1427"}],"version-history":[{"count":6,"href":"https:\/\/www.sgreiner-immobilien.de\/content\/wp-json\/wp\/v2\/pages\/1427\/revisions"}],"predecessor-version":[{"id":1502,"href":"https:\/\/www.sgreiner-immobilien.de\/content\/wp-json\/wp\/v2\/pages\/1427\/revisions\/1502"}],"wp:attachment":[{"href":"https:\/\/www.sgreiner-immobilien.de\/content\/wp-json\/wp\/v2\/media?parent=1427"}],"curies":[{"name":"wp","href":"https:\/\/api.w.org\/{rel}","templated":true}]}}