{"id":1307,"date":"2023-07-03T12:10:32","date_gmt":"2023-07-03T10:10:32","guid":{"rendered":"https:\/\/www.sgreiner-immobilien.de\/content\/?page_id=1307"},"modified":"2023-07-03T12:10:34","modified_gmt":"2023-07-03T10:10:34","slug":"komplett-sanierter-altbau-in-zentraler-lage","status":"publish","type":"page","link":"https:\/\/www.sgreiner-immobilien.de\/content\/komplett-sanierter-altbau-in-zentraler-lage\/","title":{"rendered":"Komplett sanierter Altbau in zentraler Lage!"},"content":{"rendered":"\n<div id=\"section-g0abd90\" class=\"wp-block-gutentor-e6 section-g0abd90 gutentor-element gutentor-element-image\"><div class=\"gutentor-element-image-box\"><div class=\"gutentor-bg-image\"><\/div><\/div><\/div>\n\n\n\n<section id=\"gm2b50731\" class=\"wp-block-gutentor-m4 section-gm2b50731 gutentor-module gutentor-advanced-columns has-image-bg has-custom-bg\"><div class=\"grid-container\"><div class=\"grid-row\">\n<div id=\"col-gmd8efb7\" class=\"wp-block-gutentor-m4-col col-gmd8efb7 gutentor-single-column  grid-lg-12 grid-md-12 grid-12\"><div id=\"section-gmd8efb7\" class=\"section-gmd8efb7 gutentor-col-wrap\">\n<div id=\"section-g12bf9e\" class=\"wp-block-gutentor-e1 section-g12bf9e gutentor-element gutentor-element-advanced-text\"><div class=\"gutentor-text-wrap\"><h2 class=\"gutentor-text\">Komplett sanierter Altbau in zentraler Lage!<\/h2><\/div><\/div>\n<\/div><\/div>\n<\/div><\/div><\/section>\n\n\n\n<section id=\"section-de9bdfdf-91db-4f28-8bf2-9c034c5c98c5\" class=\"wp-block-gutentor-gallery gutentor-section gutentor-gallery gutentor-gallery-wrapper enable-masonry gallery-template2\"><div class=\"grid-container\"><div class=\"grid-row gutentor-grid-item-wrap full-width-row\"><div class=\"gutentor-gallery-item grid-lg-3 grid-md-4 grid-12\"><div class=\"gutentor-single-item gutentor-image gutentor-single-item-0\"><div class=\"gutentor-gallery-item-wrap\"><div class=\"gutentor-single-item-image-box\"><div class=\"gutentor-image-thumb\"><img loading=\"lazy\" decoding=\"async\" class=\"normal-image\" src=\"https:\/\/www.sgreiner-immobilien.de\/content\/wp-content\/uploads\/2023\/07\/1f1956f5-7c43-4b15-a814-ce65df473368-1626423507.jpg\" alt=\"\" height=\"830\" width=\"622\"\/><\/div><\/div><div class=\"gutentor-single-item-content\"><div class=\"gutentor-gallery-item-header\"><a href=\"https:\/\/www.sgreiner-immobilien.de\/content\/wp-content\/uploads\/2023\/07\/1f1956f5-7c43-4b15-a814-ce65df473368-1626423507.jpg\" class=\"image-gallery\"><i class=\"gallery-icon fas fa-search\"><\/i><\/a><\/div><div class=\"gutentor-gallery-item-desc\"><\/div><\/div><\/div><\/div><\/div><div class=\"gutentor-gallery-item grid-lg-3 grid-md-4 grid-12\"><div class=\"gutentor-single-item gutentor-image gutentor-single-item-1\"><div class=\"gutentor-gallery-item-wrap\"><div class=\"gutentor-single-item-image-box\"><div class=\"gutentor-image-thumb\"><img loading=\"lazy\" decoding=\"async\" class=\"normal-image\" src=\"https:\/\/www.sgreiner-immobilien.de\/content\/wp-content\/uploads\/2023\/07\/4e0a5e64-99d6-4016-aa0e-f90cf1c6ff83-1626423805.jpg\" alt=\"\" height=\"830\" width=\"622\"\/><\/div><\/div><div class=\"gutentor-single-item-content\"><div class=\"gutentor-gallery-item-header\"><a href=\"https:\/\/www.sgreiner-immobilien.de\/content\/wp-content\/uploads\/2023\/07\/4e0a5e64-99d6-4016-aa0e-f90cf1c6ff83-1626423805.jpg\" class=\"image-gallery\"><i class=\"gallery-icon fas fa-search\"><\/i><\/a><\/div><div class=\"gutentor-gallery-item-desc\"><\/div><\/div><\/div><\/div><\/div><div class=\"gutentor-gallery-item grid-lg-3 grid-md-4 grid-12\"><div class=\"gutentor-single-item gutentor-image gutentor-single-item-2\"><div class=\"gutentor-gallery-item-wrap\"><div class=\"gutentor-single-item-image-box\"><div class=\"gutentor-image-thumb\"><img loading=\"lazy\" decoding=\"async\" class=\"normal-image\" src=\"https:\/\/www.sgreiner-immobilien.de\/content\/wp-content\/uploads\/2023\/07\/5d4aed38-a4a3-452b-8852-ac011fae1ca8-1626424311.jpg\" alt=\"\" height=\"830\" width=\"622\"\/><\/div><\/div><div class=\"gutentor-single-item-content\"><div class=\"gutentor-gallery-item-header\"><a href=\"https:\/\/www.sgreiner-immobilien.de\/content\/wp-content\/uploads\/2023\/07\/5d4aed38-a4a3-452b-8852-ac011fae1ca8-1626424311.jpg\" class=\"image-gallery\"><i class=\"gallery-icon fas fa-search\"><\/i><\/a><\/div><div class=\"gutentor-gallery-item-desc\"><\/div><\/div><\/div><\/div><\/div><div class=\"gutentor-gallery-item grid-lg-3 grid-md-4 grid-12\"><div class=\"gutentor-single-item gutentor-image gutentor-single-item-3\"><div class=\"gutentor-gallery-item-wrap\"><div class=\"gutentor-single-item-image-box\"><div class=\"gutentor-image-thumb\"><img loading=\"lazy\" decoding=\"async\" class=\"normal-image\" src=\"https:\/\/www.sgreiner-immobilien.de\/content\/wp-content\/uploads\/2023\/07\/9d2bef6d-5165-4c87-8fa1-54e500b03eed-1626430679.jpg\" alt=\"\" height=\"830\" width=\"622\"\/><\/div><\/div><div class=\"gutentor-single-item-content\"><div class=\"gutentor-gallery-item-header\"><a href=\"https:\/\/www.sgreiner-immobilien.de\/content\/wp-content\/uploads\/2023\/07\/9d2bef6d-5165-4c87-8fa1-54e500b03eed-1626430679.jpg\" class=\"image-gallery\"><i class=\"gallery-icon fas fa-search\"><\/i><\/a><\/div><div class=\"gutentor-gallery-item-desc\"><\/div><\/div><\/div><\/div><\/div><div class=\"gutentor-gallery-item grid-lg-3 grid-md-4 grid-12\"><div class=\"gutentor-single-item gutentor-image gutentor-single-item-4\"><div class=\"gutentor-gallery-item-wrap\"><div class=\"gutentor-single-item-image-box\"><div class=\"gutentor-image-thumb\"><img loading=\"lazy\" decoding=\"async\" class=\"normal-image\" src=\"https:\/\/www.sgreiner-immobilien.de\/content\/wp-content\/uploads\/2023\/07\/39caf211-2fe4-4115-bd24-1c6bece26529-1626424110.jpg\" alt=\"\" height=\"830\" width=\"622\"\/><\/div><\/div><div class=\"gutentor-single-item-content\"><div class=\"gutentor-gallery-item-header\"><a href=\"https:\/\/www.sgreiner-immobilien.de\/content\/wp-content\/uploads\/2023\/07\/39caf211-2fe4-4115-bd24-1c6bece26529-1626424110.jpg\" class=\"image-gallery\"><i class=\"gallery-icon fas fa-search\"><\/i><\/a><\/div><div class=\"gutentor-gallery-item-desc\"><\/div><\/div><\/div><\/div><\/div><div class=\"gutentor-gallery-item grid-lg-3 grid-md-4 grid-12\"><div class=\"gutentor-single-item gutentor-image gutentor-single-item-5\"><div class=\"gutentor-gallery-item-wrap\"><div class=\"gutentor-single-item-image-box\"><div class=\"gutentor-image-thumb\"><img loading=\"lazy\" decoding=\"async\" class=\"normal-image\" src=\"https:\/\/www.sgreiner-immobilien.de\/content\/wp-content\/uploads\/2023\/07\/b39e29c3-9ff2-4649-a6ad-b71dc1c23144-1626424238.jpg\" alt=\"\" height=\"830\" width=\"622\"\/><\/div><\/div><div class=\"gutentor-single-item-content\"><div class=\"gutentor-gallery-item-header\"><a href=\"https:\/\/www.sgreiner-immobilien.de\/content\/wp-content\/uploads\/2023\/07\/b39e29c3-9ff2-4649-a6ad-b71dc1c23144-1626424238.jpg\" class=\"image-gallery\"><i class=\"gallery-icon fas fa-search\"><\/i><\/a><\/div><div class=\"gutentor-gallery-item-desc\"><\/div><\/div><\/div><\/div><\/div><div class=\"gutentor-gallery-item grid-lg-3 grid-md-4 grid-12\"><div class=\"gutentor-single-item gutentor-image gutentor-single-item-6\"><div class=\"gutentor-gallery-item-wrap\"><div class=\"gutentor-single-item-image-box\"><div class=\"gutentor-image-thumb\"><img loading=\"lazy\" decoding=\"async\" class=\"normal-image\" src=\"https:\/\/www.sgreiner-immobilien.de\/content\/wp-content\/uploads\/2023\/07\/d3deae94-c3ce-4ffe-8d31-abcedff867a2-1626423892.jpg\" alt=\"\" height=\"830\" width=\"622\"\/><\/div><\/div><div class=\"gutentor-single-item-content\"><div class=\"gutentor-gallery-item-header\"><a href=\"https:\/\/www.sgreiner-immobilien.de\/content\/wp-content\/uploads\/2023\/07\/d3deae94-c3ce-4ffe-8d31-abcedff867a2-1626423892.jpg\" class=\"image-gallery\"><i class=\"gallery-icon fas fa-search\"><\/i><\/a><\/div><div class=\"gutentor-gallery-item-desc\"><\/div><\/div><\/div><\/div><\/div><\/div><\/div><\/section>\n\n\n\n<section id=\"gm38cd755\" class=\"wp-block-gutentor-m4 section-gm38cd755 gutentor-module gutentor-advanced-columns\"><div class=\"grid-container\"><div class=\"grid-row\">\n<div id=\"col-gmb37cc8\" class=\"wp-block-gutentor-m4-col col-gmb37cc8 gutentor-single-column  grid-lg-12 grid-md-12 grid-12\"><div id=\"section-gmb37cc8\" class=\"section-gmb37cc8 gutentor-col-wrap\">\n<div id=\"section-gd34459\" class=\"wp-block-gutentor-e1 section-gd34459 gutentor-element gutentor-element-advanced-text\"><div class=\"gutentor-text-wrap\"><p class=\"gutentor-text\">Wir freuen uns, Ihnen eine exklusive 3,5-Zimmer-Wohnung im Erstbezug nach Komplettsanierung vorstellen zu d\u00fcrfen. Die Wohnung erstreckt sich \u00fcber ca. 88 m\u00b2 und zeichnet sich durch hochwertige Ausstattungsmerkmale aus, die ein komfortables und stilvolles Wohnen erm\u00f6glichen. <br><br>Die Wohnung besteht aus einem gro\u00dfz\u00fcgigen Wohnzimmer, das viel Platz f\u00fcr individuelle Gestaltungsideen bietet. Zudem finden Sie hier zwei weitere helle Zimmer, die sich ideal als Schlafzimmer, Kinderzimmer, Arbeitszimmer oder G\u00e4stezimmer eignen. Ein zus\u00e4tzlicher Raum, der an das Wohnzimmer offen angeschlossen ist kann als Esszimmer genutzt werden. Die Zimmer sind durch gro\u00dfe Fenster lichtdurchflutet und schaffen eine angenehme Atmosph\u00e4re. <br><br>Die moderne Einbauk\u00fcche ist nagelneu und bietet Ihnen alle Annehmlichkeiten, die Sie ben\u00f6tigen, um k\u00f6stliche Mahlzeiten zuzubereiten. Sie verf\u00fcgt \u00fcber hochwertige Elektroger\u00e4te und viel Stauraum f\u00fcr Ihre K\u00fcchenutensilien. Hier k\u00f6nnen Sie Ihre kulinarischen F\u00e4higkeiten voll entfalten. <br><br>Das Badezimmer wurde komplett erneuert und ist mit einer Dusche und einer Badewanne ausgestattet. Hier k\u00f6nnen Sie nach einem langen Arbeitstag entspannen und die Annehmlichkeiten genie\u00dfen. Die stilvolle Gestaltung und hochwertige Sanit\u00e4reinrichtungen verleihen dem Badezimmer einen Hauch von Luxus. <br><br>Die Wohnung verf\u00fcgt \u00fcber elektrische Rolll\u00e4den, die Ihnen ein H\u00f6chstma\u00df an Komfort und Privatsph\u00e4re bieten. Die hochwertigen Mosaikparkettb\u00f6den verleihen den R\u00e4umen ein edles und warmes Ambiente. Des Weiteren sorgt eine moderne Gas-Zentralheizung f\u00fcr behagliche W\u00e4rme in der gesamten Wohnung. Selbstverst\u00e4ndlich steht im Untergeschoss f\u00fcr Lagerm\u00f6glichkeiten auch ein praktischer Kellerraum zur Verf\u00fcgung wie auch ein separater Waschraum. <br><br>Die Wohnung steht ab sofort zur Vermietung zur Verf\u00fcgung. Vereinbaren Sie gerne einen Besichtigungstermin!<\/p><\/div><\/div>\n\n\n\n<div id=\"section-ga3c153\" class=\"wp-block-gutentor-e1 section-ga3c153 gutentor-element gutentor-element-advanced-text\"><div class=\"gutentor-text-wrap\"><p class=\"gutentor-text\"><strong>Kaltmiete: 1.250 \u20ac<br>Nebenkosten: + 300 \u20ac<br>Gesamtmiete: 1.550 \u20ac<br>3,5 Zimmer * ca. 88 m\u00b2<\/strong><\/p><\/div><\/div>\n\n\n\n<div id=\"section-g7f3f8c\" class=\"wp-block-gutentor-e1 section-g7f3f8c gutentor-element gutentor-element-advanced-text\"><div class=\"gutentor-text-wrap\"><h3 class=\"gutentor-text\"><a href=\"https:\/\/www.sgreiner-immobilien.de\/content\/wp-content\/uploads\/2023\/07\/Expose-Neu-Isenburg-Beethovenstrasse.pdf\">> Download Expose<\/a><\/h3><\/div><\/div>\n<\/div><\/div>\n<\/div><\/div><\/section>\n\n\n\n<section id=\"gm22b08de\" class=\"wp-block-gutentor-m4 section-gm22b08de gutentor-module gutentor-advanced-columns has-color-bg has-custom-bg\"><div class=\"grid-container\"><div class=\"grid-row\">\n<div id=\"col-gmf9ca4f\" class=\"wp-block-gutentor-m4-col col-gmf9ca4f gutentor-single-column  grid-lg-12 grid-md-12 grid-12\"><div id=\"section-gmf9ca4f\" class=\"section-gmf9ca4f gutentor-col-wrap\">\n<div id=\"section-g6414a0\" class=\"wp-block-gutentor-e1 section-g6414a0 gutentor-element gutentor-element-advanced-text text-align-center-desktop\"><div class=\"gutentor-text-wrap\"><h2 class=\"gutentor-text\">Interesse an diesem Objekt?<\/h2><\/div><\/div>\n\n\n\n<div id=\"section-gaac467\" class=\"wp-block-gutentor-e1 section-gaac467 gutentor-element gutentor-element-advanced-text text-align-center-desktop\"><div class=\"gutentor-text-wrap\"><p class=\"gutentor-text\">Gerne informieren wir Sie \u00fcber Details und vereinbaren einen Besichtigungstermin:<\/p><\/div><\/div>\n\n\n\n<section id=\"gm6f553f7\" class=\"wp-block-gutentor-m4 section-gm6f553f7 gutentor-module gutentor-advanced-columns\"><div class=\"grid-container\"><div class=\"grid-row\">\n<div id=\"col-gm97b0fb\" class=\"wp-block-gutentor-m4-col col-gm97b0fb gutentor-single-column  grid-lg-6 grid-md-12 grid-12\"><div id=\"section-gm97b0fb\" class=\"section-gm97b0fb gutentor-col-wrap\">\n<div id=\"section-g6c389c\" class=\"wp-block-gutentor-e2 section-g6c389c gutentor-element gutentor-element-button button-align-center-desktop\"><span class=\"gutentor-button-wrap\"><a class=\"gutentor-button gutentor-block-button gutentor-icon-before\" href=\"tel:\/\/06102320611\"><i class=\"gutentor-button-icon fas fa-phone\"><\/i><span>06102 \/ 32 06 11<\/span><\/a><\/span><\/div>\n<\/div><\/div>\n\n\n\n<div id=\"col-gm83f8e3\" class=\"wp-block-gutentor-m4-col col-gm83f8e3 gutentor-single-column  grid-lg-6 grid-md-12 grid-12\"><div id=\"section-gm83f8e3\" class=\"section-gm83f8e3 gutentor-col-wrap\">\n<div id=\"section-g7c481b\" class=\"wp-block-gutentor-e2 section-g7c481b gutentor-element gutentor-element-button\"><span class=\"gutentor-button-wrap\"><a class=\"gutentor-button gutentor-block-button gutentor-icon-before\" href=\"mailto:info@sgreiner-immobilien.de\"><i class=\"gutentor-button-icon fas fa-envelope\"><\/i><span>info@sgreiner-immobilien.de<\/span><\/a><\/span><\/div>\n<\/div><\/div>\n<\/div><\/div><\/section>\n\n\n\n<div id=\"section-g6db7dd\" class=\"wp-block-gutentor-e1 section-g6db7dd gutentor-element gutentor-element-advanced-text text-align-center-desktop\"><div class=\"gutentor-text-wrap\"><h4 class=\"gutentor-text\"><a href=\"https:\/\/www.sgreiner-immobilien.de\/content\/objekte\/\">Mehr Immobilienobjekte anzeigen<\/a><\/h4><\/div><\/div>\n<\/div><\/div>\n<\/div><\/div><\/section>\n","protected":false},"excerpt":{"rendered":"","protected":false},"author":1,"featured_media":0,"parent":0,"menu_order":0,"comment_status":"closed","ping_status":"closed","template":"template-gutentor-full-width.php","meta":{"footnotes":""},"class_list":["post-1307","page","type-page","status-publish","hentry"],"_links":{"self":[{"href":"https:\/\/www.sgreiner-immobilien.de\/content\/wp-json\/wp\/v2\/pages\/1307","targetHints":{"allow":["GET"]}}],"collection":[{"href":"https:\/\/www.sgreiner-immobilien.de\/content\/wp-json\/wp\/v2\/pages"}],"about":[{"href":"https:\/\/www.sgreiner-immobilien.de\/content\/wp-json\/wp\/v2\/types\/page"}],"author":[{"embeddable":true,"href":"https:\/\/www.sgreiner-immobilien.de\/content\/wp-json\/wp\/v2\/users\/1"}],"replies":[{"embeddable":true,"href":"https:\/\/www.sgreiner-immobilien.de\/content\/wp-json\/wp\/v2\/comments?post=1307"}],"version-history":[{"count":2,"href":"https:\/\/www.sgreiner-immobilien.de\/content\/wp-json\/wp\/v2\/pages\/1307\/revisions"}],"predecessor-version":[{"id":1458,"href":"https:\/\/www.sgreiner-immobilien.de\/content\/wp-json\/wp\/v2\/pages\/1307\/revisions\/1458"}],"wp:attachment":[{"href":"https:\/\/www.sgreiner-immobilien.de\/content\/wp-json\/wp\/v2\/media?parent=1307"}],"curies":[{"name":"wp","href":"https:\/\/api.w.org\/{rel}","templated":true}]}}